{"id":2476,"date":"2024-10-21T05:30:13","date_gmt":"2024-10-21T05:30:13","guid":{"rendered":"https:\/\/2024.mielemc.ch\/mielemc\/"},"modified":"2024-11-15T09:13:14","modified_gmt":"2024-11-15T09:13:14","slug":"mielemc","status":"publish","type":"page","link":"https:\/\/mielemc.ch\/fr\/","title":{"rendered":"Mielemc"},"content":{"rendered":"\t\t<div data-elementor-type=\"wp-page\" data-elementor-id=\"2476\" class=\"elementor elementor-2476 elementor-2000\" data-elementor-post-type=\"page\">\n\t\t\t\t<div class=\"elementor-element elementor-element-9287828 e-flex e-con-boxed e-con e-parent\" data-id=\"9287828\" data-element_type=\"container\">\n\t\t\t\t\t<div class=\"e-con-inner\">\n\t\t\t\t\t<\/div>\n\t\t\t\t<\/div>\n\t\t<div class=\"elementor-element elementor-element-cadfbcb e-flex e-con-boxed e-con e-parent\" data-id=\"cadfbcb\" data-element_type=\"container\">\n\t\t\t\t\t<div class=\"e-con-inner\">\n\t\t<div class=\"elementor-element elementor-element-2fbac2e e-con-full e-flex e-con e-child\" data-id=\"2fbac2e\" data-element_type=\"container\">\n\t\t\t\t<div class=\"elementor-element elementor-element-765753c elementor-widget elementor-widget-heading\" data-id=\"765753c\" data-element_type=\"widget\" data-widget_type=\"heading.default\">\n\t\t\t\t<div class=\"elementor-widget-container\">\n\t\t\t<h2 class=\"elementor-heading-title elementor-size-default\">Miele x MasterChef\n<\/h2>\t\t<\/div>\n\t\t\t\t<\/div>\n\t\t\t\t<div class=\"elementor-element elementor-element-2459895 elementor-widget elementor-widget-heading\" data-id=\"2459895\" data-element_type=\"widget\" data-widget_type=\"heading.default\">\n\t\t\t\t<div class=\"elementor-widget-container\">\n\t\t\t<h3 class=\"elementor-heading-title elementor-size-default\">Tous les mardis soir \u00e0 20h15 sur la cha\u00eene suisse al\u00e9manique 3+.\n<\/h3>\t\t<\/div>\n\t\t\t\t<\/div>\n\t\t\t\t<div class=\"elementor-element elementor-element-541faa2 elementor-widget elementor-widget-button\" data-id=\"541faa2\" data-element_type=\"widget\" data-widget_type=\"button.default\">\n\t\t\t\t<div class=\"elementor-widget-container\">\n\t\t\t\t\t<div class=\"elementor-button-wrapper\">\n\t\t\t<a class=\"elementor-button elementor-button-link elementor-size-sm\" href=\"https:\/\/mielemc.ch\/voting\/\">\n\t\t\t\t\t\t<span class=\"elementor-button-content-wrapper\">\n\t\t\t\t\t\t\t\t\t<span class=\"elementor-button-text\">Montre-nous ta cr\u00e9ation culinaire !<\/span>\n\t\t\t\t\t<\/span>\n\t\t\t\t\t<\/a>\n\t\t<\/div>\n\t\t\t\t<\/div>\n\t\t\t\t<\/div>\n\t\t\t\t<\/div>\n\t\t<div class=\"elementor-element elementor-element-94537d5 e-con-full e-flex e-con e-child\" data-id=\"94537d5\" data-element_type=\"container\">\n\t\t\t\t<div class=\"elementor-element elementor-element-f3ed84e elementor-widget elementor-widget-spacer\" data-id=\"f3ed84e\" data-element_type=\"widget\" data-widget_type=\"spacer.default\">\n\t\t\t\t<div class=\"elementor-widget-container\">\n\t\t\t\t\t<div class=\"elementor-spacer\">\n\t\t\t<div class=\"elementor-spacer-inner\"><\/div>\n\t\t<\/div>\n\t\t\t\t<\/div>\n\t\t\t\t<\/div>\n\t\t\t\t<\/div>\n\t\t\t\t\t<\/div>\n\t\t\t\t<\/div>\n\t\t<div class=\"elementor-element elementor-element-2320eeda e-con-full margin-right e-flex elementor-invisible e-con e-parent\" data-id=\"2320eeda\" data-element_type=\"container\" data-settings=\"{&quot;animation&quot;:&quot;slideInUp&quot;}\">\n\t\t<div class=\"elementor-element elementor-element-47f599f5 e-con-full e-flex e-con e-child\" data-id=\"47f599f5\" data-element_type=\"container\" data-settings=\"{&quot;motion_fx_motion_fx_scrolling&quot;:&quot;yes&quot;,&quot;motion_fx_translateX_effect&quot;:&quot;yes&quot;,&quot;motion_fx_translateX_direction&quot;:&quot;negative&quot;,&quot;motion_fx_translateX_speed&quot;:{&quot;unit&quot;:&quot;px&quot;,&quot;size&quot;:2,&quot;sizes&quot;:[]},&quot;motion_fx_translateX_affectedRange&quot;:{&quot;unit&quot;:&quot;%&quot;,&quot;size&quot;:&quot;&quot;,&quot;sizes&quot;:{&quot;start&quot;:0,&quot;end&quot;:50}},&quot;motion_fx_devices&quot;:[&quot;desktop&quot;,&quot;tablet&quot;,&quot;mobile&quot;]}\">\n\t\t\t\t<div class=\"elementor-element elementor-element-2eedc88e elementor-widget elementor-widget-image\" data-id=\"2eedc88e\" data-element_type=\"widget\" data-widget_type=\"image.default\">\n\t\t\t\t<div class=\"elementor-widget-container\">\n\t\t\t\t\t\t\t\t\t\t\t\t\t<img loading=\"lazy\" decoding=\"async\" width=\"1920\" height=\"1281\" src=\"https:\/\/mielemc.ch\/wp-content\/uploads\/2024\/11\/1-nenad.jpg\" class=\"attachment-full size-full wp-image-2547\" alt=\"\" srcset=\"https:\/\/mielemc.ch\/wp-content\/uploads\/2024\/11\/1-nenad.jpg 1920w, https:\/\/mielemc.ch\/wp-content\/uploads\/2024\/11\/1-nenad-800x534.jpg 800w, https:\/\/mielemc.ch\/wp-content\/uploads\/2024\/11\/1-nenad-768x512.jpg 768w, https:\/\/mielemc.ch\/wp-content\/uploads\/2024\/11\/1-nenad-1024x683.jpg 1024w, https:\/\/mielemc.ch\/wp-content\/uploads\/2024\/11\/1-nenad-1536x1025.jpg 1536w, https:\/\/mielemc.ch\/wp-content\/uploads\/2024\/11\/1-nenad-300x200.jpg 300w\" sizes=\"(max-width: 1920px) 100vw, 1920px\" \/>\t\t\t\t\t\t\t\t\t\t\t\t\t<\/div>\n\t\t\t\t<\/div>\n\t\t\t\t<\/div>\n\t\t<div class=\"elementor-element elementor-element-2033ca3f e-con-full e-flex e-con e-child\" data-id=\"2033ca3f\" data-element_type=\"container\" data-settings=\"{&quot;motion_fx_motion_fx_scrolling&quot;:&quot;yes&quot;,&quot;motion_fx_translateX_effect&quot;:&quot;yes&quot;,&quot;motion_fx_translateX_speed&quot;:{&quot;unit&quot;:&quot;px&quot;,&quot;size&quot;:2,&quot;sizes&quot;:[]},&quot;motion_fx_translateX_affectedRange&quot;:{&quot;unit&quot;:&quot;%&quot;,&quot;size&quot;:&quot;&quot;,&quot;sizes&quot;:{&quot;start&quot;:0,&quot;end&quot;:50}},&quot;motion_fx_devices&quot;:[&quot;desktop&quot;,&quot;tablet&quot;]}\">\n\t\t\t\t<div class=\"elementor-element elementor-element-4add0170 elementor-widget elementor-widget-heading\" data-id=\"4add0170\" data-element_type=\"widget\" data-widget_type=\"heading.default\">\n\t\t\t\t<div class=\"elementor-widget-container\">\n\t\t\t<h2 class=\"elementor-heading-title elementor-size-default\">3e saison<\/h2>\t\t<\/div>\n\t\t\t\t<\/div>\n\t\t\t\t<div class=\"elementor-element elementor-element-58f7a656 elementor-widget elementor-widget-text-editor\" data-id=\"58f7a656\" data-element_type=\"widget\" data-widget_type=\"text-editor.default\">\n\t\t\t\t<div class=\"elementor-widget-container\">\n\t\t\t\t\t\t\t<p>La troisi\u00e8me saison de MasterChef Suisse d\u00e9bute en octobre 2024. Tr\u00e8s appr\u00e9ci\u00e9e au niveau international, ce divertissement culinaire est diffus\u00e9 tous les mardis soir \u00e0 20h15 sur 3+. Miele \u00e9quipe le studio de l\u2019\u00e9mission, dans laquelle des cuisiniers et cuisini\u00e8res amateurs sont \u00e9valu\u00e9s par un jury prestigieux, avec des appareils \u00e9lectrom\u00e9nagers haut de gamme.   Nenad Mlinarevic, ambassadeur de la marque Miele, sera \u00e9galement membre du jury MasterChef et mettra les candidats \u00e0 l&rsquo;\u00e9preuve.<\/p>\n\t\t\t\t\t\t<\/div>\n\t\t\t\t<\/div>\n\t\t\t\t<\/div>\n\t\t\t\t<\/div>\n\t\t<div class=\"elementor-element elementor-element-2c1a17ab e-con-full margin-left e-flex elementor-invisible e-con e-parent\" data-id=\"2c1a17ab\" data-element_type=\"container\" data-settings=\"{&quot;animation&quot;:&quot;slideInUp&quot;}\">\n\t\t<div class=\"elementor-element elementor-element-647589e6 e-con-full e-flex e-con e-child\" data-id=\"647589e6\" data-element_type=\"container\" data-settings=\"{&quot;motion_fx_motion_fx_scrolling&quot;:&quot;yes&quot;,&quot;motion_fx_translateX_effect&quot;:&quot;yes&quot;,&quot;motion_fx_translateX_speed&quot;:{&quot;unit&quot;:&quot;px&quot;,&quot;size&quot;:2,&quot;sizes&quot;:[]},&quot;motion_fx_translateX_affectedRange&quot;:{&quot;unit&quot;:&quot;%&quot;,&quot;size&quot;:&quot;&quot;,&quot;sizes&quot;:{&quot;start&quot;:0,&quot;end&quot;:50}},&quot;motion_fx_translateX_direction&quot;:&quot;negative&quot;,&quot;motion_fx_devices&quot;:[&quot;desktop&quot;,&quot;tablet&quot;]}\">\n\t\t\t\t<div class=\"elementor-element elementor-element-7df98b95 elementor-widget elementor-widget-heading\" data-id=\"7df98b95\" data-element_type=\"widget\" data-widget_type=\"heading.default\">\n\t\t\t\t<div class=\"elementor-widget-container\">\n\t\t\t<h2 class=\"elementor-heading-title elementor-size-default\">D\u00e9couvre MasterChef avec Nenad Mlinarevic<\/h2>\t\t<\/div>\n\t\t\t\t<\/div>\n\t\t\t\t<div class=\"elementor-element elementor-element-379a0efa elementor-widget elementor-widget-text-editor\" data-id=\"379a0efa\" data-element_type=\"widget\" data-widget_type=\"text-editor.default\">\n\t\t\t\t<div class=\"elementor-widget-container\">\n\t\t\t\t\t\t\t<p>Nous te proposons de vivre l\u2019exp\u00e9rience MasterChef Suisse et de savourer la cuisine de Nenad. Le 17 d\u00e9cembre 2024, il cuisinera en exclusivit\u00e9 pour 10 invit\u00e9s au \u201cThe Counter\u201d \u00e0 l\u2019occasion de la finale de MasterChef Suisse. Sois de la partie et laisse-toi surprendre par de d\u00e9licieux plats.  <\/p>\n\t\t\t\t\t\t<\/div>\n\t\t\t\t<\/div>\n\t\t\t\t<div class=\"elementor-element elementor-element-36a6b06a elementor-widget elementor-widget-button\" data-id=\"36a6b06a\" data-element_type=\"widget\" data-widget_type=\"button.default\">\n\t\t\t\t<div class=\"elementor-widget-container\">\n\t\t\t\t\t<div class=\"elementor-button-wrapper\">\n\t\t\t<a class=\"elementor-button elementor-button-link elementor-size-sm\" href=\"https:\/\/mielemc.ch\/gewinnspiel-teilnehmen\/\">\n\t\t\t\t\t\t<span class=\"elementor-button-content-wrapper\">\n\t\t\t\t\t\t\t\t\t<span class=\"elementor-button-text\">Gagner maintenant<\/span>\n\t\t\t\t\t<\/span>\n\t\t\t\t\t<\/a>\n\t\t<\/div>\n\t\t\t\t<\/div>\n\t\t\t\t<\/div>\n\t\t\t\t<\/div>\n\t\t<div class=\"elementor-element elementor-element-7d1b8566 e-con-full e-flex e-con e-child\" data-id=\"7d1b8566\" data-element_type=\"container\" data-settings=\"{&quot;motion_fx_motion_fx_scrolling&quot;:&quot;yes&quot;,&quot;motion_fx_translateX_effect&quot;:&quot;yes&quot;,&quot;motion_fx_translateX_speed&quot;:{&quot;unit&quot;:&quot;px&quot;,&quot;size&quot;:2,&quot;sizes&quot;:[]},&quot;motion_fx_translateX_affectedRange&quot;:{&quot;unit&quot;:&quot;%&quot;,&quot;size&quot;:&quot;&quot;,&quot;sizes&quot;:{&quot;start&quot;:0,&quot;end&quot;:50}},&quot;motion_fx_devices&quot;:[&quot;desktop&quot;,&quot;tablet&quot;,&quot;mobile&quot;]}\">\n\t\t\t\t<div class=\"elementor-element elementor-element-1b88ebf2 elementor-widget elementor-widget-image\" data-id=\"1b88ebf2\" data-element_type=\"widget\" data-widget_type=\"image.default\">\n\t\t\t\t<div class=\"elementor-widget-container\">\n\t\t\t\t\t\t\t\t\t\t\t\t\t<img loading=\"lazy\" decoding=\"async\" width=\"1920\" height=\"1281\" src=\"https:\/\/mielemc.ch\/wp-content\/uploads\/2024\/11\/2-nenad.jpg\" class=\"attachment-full size-full wp-image-2551\" alt=\"\" srcset=\"https:\/\/mielemc.ch\/wp-content\/uploads\/2024\/11\/2-nenad.jpg 1920w, https:\/\/mielemc.ch\/wp-content\/uploads\/2024\/11\/2-nenad-800x534.jpg 800w, https:\/\/mielemc.ch\/wp-content\/uploads\/2024\/11\/2-nenad-768x512.jpg 768w, https:\/\/mielemc.ch\/wp-content\/uploads\/2024\/11\/2-nenad-1024x683.jpg 1024w, https:\/\/mielemc.ch\/wp-content\/uploads\/2024\/11\/2-nenad-1536x1025.jpg 1536w, https:\/\/mielemc.ch\/wp-content\/uploads\/2024\/11\/2-nenad-300x200.jpg 300w\" sizes=\"(max-width: 1920px) 100vw, 1920px\" \/>\t\t\t\t\t\t\t\t\t\t\t\t\t<\/div>\n\t\t\t\t<\/div>\n\t\t\t\t<\/div>\n\t\t\t\t<\/div>\n\t\t<div class=\"elementor-element elementor-element-22429509 e-con-full margin-right e-flex elementor-invisible e-con e-parent\" data-id=\"22429509\" data-element_type=\"container\" data-settings=\"{&quot;animation&quot;:&quot;slideInUp&quot;}\">\n\t\t<div class=\"elementor-element elementor-element-69c5add1 e-con-full e-flex e-con e-child\" data-id=\"69c5add1\" data-element_type=\"container\" data-settings=\"{&quot;motion_fx_motion_fx_scrolling&quot;:&quot;yes&quot;,&quot;motion_fx_translateX_effect&quot;:&quot;yes&quot;,&quot;motion_fx_translateX_direction&quot;:&quot;negative&quot;,&quot;motion_fx_translateX_speed&quot;:{&quot;unit&quot;:&quot;px&quot;,&quot;size&quot;:2,&quot;sizes&quot;:[]},&quot;motion_fx_translateX_affectedRange&quot;:{&quot;unit&quot;:&quot;%&quot;,&quot;size&quot;:&quot;&quot;,&quot;sizes&quot;:{&quot;start&quot;:0,&quot;end&quot;:50}},&quot;motion_fx_devices&quot;:[&quot;desktop&quot;,&quot;tablet&quot;,&quot;mobile&quot;]}\">\n\t\t\t\t<div class=\"elementor-element elementor-element-7eb68bf0 elementor-widget elementor-widget-image\" data-id=\"7eb68bf0\" data-element_type=\"widget\" data-widget_type=\"image.default\">\n\t\t\t\t<div class=\"elementor-widget-container\">\n\t\t\t\t\t\t\t\t\t\t\t\t\t<img loading=\"lazy\" decoding=\"async\" width=\"1920\" height=\"1281\" src=\"https:\/\/mielemc.ch\/wp-content\/uploads\/2024\/11\/3-nenad.jpg\" class=\"attachment-full size-full wp-image-2555\" alt=\"\" srcset=\"https:\/\/mielemc.ch\/wp-content\/uploads\/2024\/11\/3-nenad.jpg 1920w, https:\/\/mielemc.ch\/wp-content\/uploads\/2024\/11\/3-nenad-800x534.jpg 800w, https:\/\/mielemc.ch\/wp-content\/uploads\/2024\/11\/3-nenad-768x512.jpg 768w, https:\/\/mielemc.ch\/wp-content\/uploads\/2024\/11\/3-nenad-1024x683.jpg 1024w, https:\/\/mielemc.ch\/wp-content\/uploads\/2024\/11\/3-nenad-1536x1025.jpg 1536w, https:\/\/mielemc.ch\/wp-content\/uploads\/2024\/11\/3-nenad-300x200.jpg 300w\" sizes=\"(max-width: 1920px) 100vw, 1920px\" \/>\t\t\t\t\t\t\t\t\t\t\t\t\t<\/div>\n\t\t\t\t<\/div>\n\t\t\t\t<\/div>\n\t\t<div class=\"elementor-element elementor-element-39037133 e-con-full e-flex e-con e-child\" data-id=\"39037133\" data-element_type=\"container\" data-settings=\"{&quot;motion_fx_motion_fx_scrolling&quot;:&quot;yes&quot;,&quot;motion_fx_translateX_effect&quot;:&quot;yes&quot;,&quot;motion_fx_translateX_speed&quot;:{&quot;unit&quot;:&quot;px&quot;,&quot;size&quot;:2,&quot;sizes&quot;:[]},&quot;motion_fx_translateX_affectedRange&quot;:{&quot;unit&quot;:&quot;%&quot;,&quot;size&quot;:&quot;&quot;,&quot;sizes&quot;:{&quot;start&quot;:0,&quot;end&quot;:50}},&quot;motion_fx_devices&quot;:[&quot;desktop&quot;,&quot;tablet&quot;]}\">\n\t\t\t\t<div class=\"elementor-element elementor-element-133e15f2 elementor-widget elementor-widget-heading\" data-id=\"133e15f2\" data-element_type=\"widget\" data-widget_type=\"heading.default\">\n\t\t\t\t<div class=\"elementor-widget-container\">\n\t\t\t<h3 class=\"elementor-heading-title elementor-size-default\">Jury de MasterChef et ambassadeur de Miele<\/h3>\t\t<\/div>\n\t\t\t\t<\/div>\n\t\t\t\t<div class=\"elementor-element elementor-element-c557331 elementor-widget elementor-widget-heading\" data-id=\"c557331\" data-element_type=\"widget\" data-widget_type=\"heading.default\">\n\t\t\t\t<div class=\"elementor-widget-container\">\n\t\t\t<h2 class=\"elementor-heading-title elementor-size-default\">Nenad Mlinarevic<\/h2>\t\t<\/div>\n\t\t\t\t<\/div>\n\t\t\t\t<div class=\"elementor-element elementor-element-17948e14 elementor-blockquote--skin-quotation elementor-blockquote--button-color-official elementor-widget elementor-widget-blockquote\" data-id=\"17948e14\" data-element_type=\"widget\" data-widget_type=\"blockquote.default\">\n\t\t\t\t<div class=\"elementor-widget-container\">\n\t\t\t\t\t<blockquote class=\"elementor-blockquote\">\n\t\t\t<p class=\"elementor-blockquote__content\">\n\t\t\t\tJe veux que les candidats me surprennent. Pour cela, ils doivent remettre en question leurs habitudes, faire de nouvelles associations et aborder les d\u00e9fis de mani\u00e8re cr\u00e9ative. \t\t\t<\/p>\n\t\t\t\t\t<\/blockquote>\n\t\t\t\t<\/div>\n\t\t\t\t<\/div>\n\t\t\t\t<\/div>\n\t\t\t\t<\/div>\n\t\t\t\t<\/div>\n\t\t","protected":false},"excerpt":{"rendered":"<p>Miele x MasterChef Tous les mardis soir \u00e0 20h15 sur la cha\u00eene suisse al\u00e9manique 3+. Montre-nous ta cr\u00e9ation culinaire ! 3e saison La troisi\u00e8me saison de MasterChef Suisse d\u00e9bute en octobre 2024. Tr\u00e8s appr\u00e9ci\u00e9e au niveau international, ce divertissement culinaire est diffus\u00e9 tous les mardis soir \u00e0 20h15 sur 3+. Miele \u00e9quipe le studio de [&hellip;]<\/p>\n","protected":false},"author":1,"featured_media":0,"parent":0,"menu_order":0,"comment_status":"closed","ping_status":"closed","template":"","meta":{"footnotes":""},"class_list":["post-2476","page","type-page","status-publish","hentry"],"yoast_head":"<!-- This site is optimized with the Yoast SEO plugin v23.6 - https:\/\/yoast.com\/wordpress\/plugins\/seo\/ -->\n<title>Mielemc - Miele X MasterChef Schweiz<\/title>\n<meta name=\"robots\" content=\"index, follow, max-snippet:-1, max-image-preview:large, max-video-preview:-1\" \/>\n<link rel=\"canonical\" href=\"https:\/\/mielemc.ch\/fr\/\" \/>\n<meta property=\"og:locale\" content=\"fr_FR\" \/>\n<meta property=\"og:type\" content=\"article\" \/>\n<meta property=\"og:title\" content=\"Mielemc - Miele X MasterChef Schweiz\" \/>\n<meta property=\"og:description\" content=\"Miele x MasterChef Tous les mardis soir \u00e0 20h15 sur la cha\u00eene suisse al\u00e9manique 3+. Montre-nous ta cr\u00e9ation culinaire ! 3e saison La troisi\u00e8me saison de MasterChef Suisse d\u00e9bute en octobre 2024. Tr\u00e8s appr\u00e9ci\u00e9e au niveau international, ce divertissement culinaire est diffus\u00e9 tous les mardis soir \u00e0 20h15 sur 3+. Miele \u00e9quipe le studio de [&hellip;]\" \/>\n<meta property=\"og:url\" content=\"https:\/\/mielemc.ch\/fr\/\" \/>\n<meta property=\"og:site_name\" content=\"Miele X MasterChef Schweiz\" \/>\n<meta property=\"article:modified_time\" content=\"2024-11-15T09:13:14+00:00\" \/>\n<meta property=\"og:image\" content=\"https:\/\/mielemc.ch\/wp-content\/uploads\/2024\/11\/1-nenad.jpg\" \/>\n\t<meta property=\"og:image:width\" content=\"1920\" \/>\n\t<meta property=\"og:image:height\" content=\"1281\" \/>\n\t<meta property=\"og:image:type\" content=\"image\/jpeg\" \/>\n<meta name=\"twitter:card\" content=\"summary_large_image\" \/>\n<meta name=\"twitter:label1\" content=\"Dur\u00e9e de lecture estim\u00e9e\" \/>\n\t<meta name=\"twitter:data1\" content=\"1 minute\" \/>\n<script type=\"application\/ld+json\" class=\"yoast-schema-graph\">{\"@context\":\"https:\/\/schema.org\",\"@graph\":[{\"@type\":\"WebPage\",\"@id\":\"https:\/\/mielemc.ch\/fr\/\",\"url\":\"https:\/\/mielemc.ch\/fr\/\",\"name\":\"Mielemc - Miele X MasterChef Schweiz\",\"isPartOf\":{\"@id\":\"https:\/\/mielemc.ch\/fr\/#website\"},\"primaryImageOfPage\":{\"@id\":\"https:\/\/mielemc.ch\/fr\/#primaryimage\"},\"image\":{\"@id\":\"https:\/\/mielemc.ch\/fr\/#primaryimage\"},\"thumbnailUrl\":\"https:\/\/mielemc.ch\/wp-content\/uploads\/2024\/11\/1-nenad.jpg\",\"datePublished\":\"2024-10-21T05:30:13+00:00\",\"dateModified\":\"2024-11-15T09:13:14+00:00\",\"breadcrumb\":{\"@id\":\"https:\/\/mielemc.ch\/fr\/#breadcrumb\"},\"inLanguage\":\"fr-FR\",\"potentialAction\":[{\"@type\":\"ReadAction\",\"target\":[\"https:\/\/mielemc.ch\/fr\/\"]}]},{\"@type\":\"ImageObject\",\"inLanguage\":\"fr-FR\",\"@id\":\"https:\/\/mielemc.ch\/fr\/#primaryimage\",\"url\":\"https:\/\/mielemc.ch\/wp-content\/uploads\/2024\/11\/1-nenad.jpg\",\"contentUrl\":\"https:\/\/mielemc.ch\/wp-content\/uploads\/2024\/11\/1-nenad.jpg\"},{\"@type\":\"BreadcrumbList\",\"@id\":\"https:\/\/mielemc.ch\/fr\/#breadcrumb\",\"itemListElement\":[{\"@type\":\"ListItem\",\"position\":1,\"name\":\"Startseite\",\"item\":\"https:\/\/mielemc.ch\/fr\/mielemc\/\"},{\"@type\":\"ListItem\",\"position\":2,\"name\":\"Mielemc\"}]},{\"@type\":\"WebSite\",\"@id\":\"https:\/\/mielemc.ch\/fr\/#website\",\"url\":\"https:\/\/mielemc.ch\/fr\/\",\"name\":\"Miele X MasterChef Schweiz\",\"description\":\"\",\"publisher\":{\"@id\":\"https:\/\/mielemc.ch\/fr\/#organization\"},\"potentialAction\":[{\"@type\":\"SearchAction\",\"target\":{\"@type\":\"EntryPoint\",\"urlTemplate\":\"https:\/\/mielemc.ch\/fr\/?s={search_term_string}\"},\"query-input\":{\"@type\":\"PropertyValueSpecification\",\"valueRequired\":true,\"valueName\":\"search_term_string\"}}],\"inLanguage\":\"fr-FR\"},{\"@type\":\"Organization\",\"@id\":\"https:\/\/mielemc.ch\/fr\/#organization\",\"name\":\"Miele X MasterChef Schweiz\",\"url\":\"https:\/\/mielemc.ch\/fr\/\",\"logo\":{\"@type\":\"ImageObject\",\"inLanguage\":\"fr-FR\",\"@id\":\"https:\/\/mielemc.ch\/fr\/#\/schema\/logo\/image\/\",\"url\":\"https:\/\/mielemc.ch\/wp-content\/uploads\/2023\/10\/Miele_Logo_Red_sRGB.webp\",\"contentUrl\":\"https:\/\/mielemc.ch\/wp-content\/uploads\/2023\/10\/Miele_Logo_Red_sRGB.webp\",\"width\":1920,\"height\":735,\"caption\":\"Miele X MasterChef Schweiz\"},\"image\":{\"@id\":\"https:\/\/mielemc.ch\/fr\/#\/schema\/logo\/image\/\"}}]}<\/script>\n<!-- \/ Yoast SEO plugin. -->","yoast_head_json":{"title":"Mielemc - Miele X MasterChef Schweiz","robots":{"index":"index","follow":"follow","max-snippet":"max-snippet:-1","max-image-preview":"max-image-preview:large","max-video-preview":"max-video-preview:-1"},"canonical":"https:\/\/mielemc.ch\/fr\/","og_locale":"fr_FR","og_type":"article","og_title":"Mielemc - Miele X MasterChef Schweiz","og_description":"Miele x MasterChef Tous les mardis soir \u00e0 20h15 sur la cha\u00eene suisse al\u00e9manique 3+. Montre-nous ta cr\u00e9ation culinaire ! 3e saison La troisi\u00e8me saison de MasterChef Suisse d\u00e9bute en octobre 2024. Tr\u00e8s appr\u00e9ci\u00e9e au niveau international, ce divertissement culinaire est diffus\u00e9 tous les mardis soir \u00e0 20h15 sur 3+. Miele \u00e9quipe le studio de [&hellip;]","og_url":"https:\/\/mielemc.ch\/fr\/","og_site_name":"Miele X MasterChef Schweiz","article_modified_time":"2024-11-15T09:13:14+00:00","og_image":[{"width":1920,"height":1281,"url":"https:\/\/mielemc.ch\/wp-content\/uploads\/2024\/11\/1-nenad.jpg","type":"image\/jpeg"}],"twitter_card":"summary_large_image","twitter_misc":{"Dur\u00e9e de lecture estim\u00e9e":"1 minute"},"schema":{"@context":"https:\/\/schema.org","@graph":[{"@type":"WebPage","@id":"https:\/\/mielemc.ch\/fr\/","url":"https:\/\/mielemc.ch\/fr\/","name":"Mielemc - Miele X MasterChef Schweiz","isPartOf":{"@id":"https:\/\/mielemc.ch\/fr\/#website"},"primaryImageOfPage":{"@id":"https:\/\/mielemc.ch\/fr\/#primaryimage"},"image":{"@id":"https:\/\/mielemc.ch\/fr\/#primaryimage"},"thumbnailUrl":"https:\/\/mielemc.ch\/wp-content\/uploads\/2024\/11\/1-nenad.jpg","datePublished":"2024-10-21T05:30:13+00:00","dateModified":"2024-11-15T09:13:14+00:00","breadcrumb":{"@id":"https:\/\/mielemc.ch\/fr\/#breadcrumb"},"inLanguage":"fr-FR","potentialAction":[{"@type":"ReadAction","target":["https:\/\/mielemc.ch\/fr\/"]}]},{"@type":"ImageObject","inLanguage":"fr-FR","@id":"https:\/\/mielemc.ch\/fr\/#primaryimage","url":"https:\/\/mielemc.ch\/wp-content\/uploads\/2024\/11\/1-nenad.jpg","contentUrl":"https:\/\/mielemc.ch\/wp-content\/uploads\/2024\/11\/1-nenad.jpg"},{"@type":"BreadcrumbList","@id":"https:\/\/mielemc.ch\/fr\/#breadcrumb","itemListElement":[{"@type":"ListItem","position":1,"name":"Startseite","item":"https:\/\/mielemc.ch\/fr\/mielemc\/"},{"@type":"ListItem","position":2,"name":"Mielemc"}]},{"@type":"WebSite","@id":"https:\/\/mielemc.ch\/fr\/#website","url":"https:\/\/mielemc.ch\/fr\/","name":"Miele X MasterChef Schweiz","description":"","publisher":{"@id":"https:\/\/mielemc.ch\/fr\/#organization"},"potentialAction":[{"@type":"SearchAction","target":{"@type":"EntryPoint","urlTemplate":"https:\/\/mielemc.ch\/fr\/?s={search_term_string}"},"query-input":{"@type":"PropertyValueSpecification","valueRequired":true,"valueName":"search_term_string"}}],"inLanguage":"fr-FR"},{"@type":"Organization","@id":"https:\/\/mielemc.ch\/fr\/#organization","name":"Miele X MasterChef Schweiz","url":"https:\/\/mielemc.ch\/fr\/","logo":{"@type":"ImageObject","inLanguage":"fr-FR","@id":"https:\/\/mielemc.ch\/fr\/#\/schema\/logo\/image\/","url":"https:\/\/mielemc.ch\/wp-content\/uploads\/2023\/10\/Miele_Logo_Red_sRGB.webp","contentUrl":"https:\/\/mielemc.ch\/wp-content\/uploads\/2023\/10\/Miele_Logo_Red_sRGB.webp","width":1920,"height":735,"caption":"Miele X MasterChef Schweiz"},"image":{"@id":"https:\/\/mielemc.ch\/fr\/#\/schema\/logo\/image\/"}}]}},"_links":{"self":[{"href":"https:\/\/mielemc.ch\/fr\/wp-json\/wp\/v2\/pages\/2476"}],"collection":[{"href":"https:\/\/mielemc.ch\/fr\/wp-json\/wp\/v2\/pages"}],"about":[{"href":"https:\/\/mielemc.ch\/fr\/wp-json\/wp\/v2\/types\/page"}],"author":[{"embeddable":true,"href":"https:\/\/mielemc.ch\/fr\/wp-json\/wp\/v2\/users\/1"}],"replies":[{"embeddable":true,"href":"https:\/\/mielemc.ch\/fr\/wp-json\/wp\/v2\/comments?post=2476"}],"version-history":[{"count":6,"href":"https:\/\/mielemc.ch\/fr\/wp-json\/wp\/v2\/pages\/2476\/revisions"}],"predecessor-version":[{"id":2625,"href":"https:\/\/mielemc.ch\/fr\/wp-json\/wp\/v2\/pages\/2476\/revisions\/2625"}],"wp:attachment":[{"href":"https:\/\/mielemc.ch\/fr\/wp-json\/wp\/v2\/media?parent=2476"}],"curies":[{"name":"wp","href":"https:\/\/api.w.org\/{rel}","templated":true}]}}