{"id":2488,"date":"2024-10-21T05:42:12","date_gmt":"2024-10-21T05:42:12","guid":{"rendered":"https:\/\/2024.mielemc.ch\/nenad-mlinarevic\/"},"modified":"2024-11-15T10:47:17","modified_gmt":"2024-11-15T10:47:17","slug":"nenad-mlinarevic","status":"publish","type":"page","link":"https:\/\/mielemc.ch\/fr\/nenad-mlinarevic\/","title":{"rendered":"Nenad Mlinarevic"},"content":{"rendered":"\t\t<div data-elementor-type=\"wp-page\" data-elementor-id=\"2488\" class=\"elementor elementor-2488 elementor-2055\" data-elementor-post-type=\"page\">\n\t\t\t\t<div class=\"elementor-element elementor-element-5e164dc e-flex e-con-boxed e-con e-parent\" data-id=\"5e164dc\" data-element_type=\"container\">\n\t\t\t\t\t<div class=\"e-con-inner\">\n\t\t\t\t\t<\/div>\n\t\t\t\t<\/div>\n\t\t<div class=\"elementor-element elementor-element-504c7078 e-con-full margin-right e-flex elementor-invisible e-con e-parent\" data-id=\"504c7078\" data-element_type=\"container\" data-settings=\"{&quot;animation&quot;:&quot;slideInUp&quot;}\">\n\t\t<div class=\"elementor-element elementor-element-4753b1db e-con-full e-flex e-con e-child\" data-id=\"4753b1db\" data-element_type=\"container\">\n\t\t\t\t<div class=\"elementor-element elementor-element-48884408 elementor-widget elementor-widget-image\" data-id=\"48884408\" data-element_type=\"widget\" data-widget_type=\"image.default\">\n\t\t\t\t<div class=\"elementor-widget-container\">\n\t\t\t\t\t\t\t\t\t\t\t\t\t<img loading=\"lazy\" decoding=\"async\" width=\"1920\" height=\"1281\" src=\"https:\/\/mielemc.ch\/wp-content\/uploads\/2024\/11\/7-nenad.jpg\" class=\"attachment-full size-full wp-image-2571\" alt=\"\" srcset=\"https:\/\/mielemc.ch\/wp-content\/uploads\/2024\/11\/7-nenad.jpg 1920w, https:\/\/mielemc.ch\/wp-content\/uploads\/2024\/11\/7-nenad-800x534.jpg 800w, https:\/\/mielemc.ch\/wp-content\/uploads\/2024\/11\/7-nenad-768x512.jpg 768w, https:\/\/mielemc.ch\/wp-content\/uploads\/2024\/11\/7-nenad-1024x683.jpg 1024w, https:\/\/mielemc.ch\/wp-content\/uploads\/2024\/11\/7-nenad-1536x1025.jpg 1536w, https:\/\/mielemc.ch\/wp-content\/uploads\/2024\/11\/7-nenad-300x200.jpg 300w\" sizes=\"(max-width: 1920px) 100vw, 1920px\" \/>\t\t\t\t\t\t\t\t\t\t\t\t\t<\/div>\n\t\t\t\t<\/div>\n\t\t\t\t<\/div>\n\t\t<div class=\"elementor-element elementor-element-be8260e e-con-full e-flex e-con e-child\" data-id=\"be8260e\" data-element_type=\"container\">\n\t\t\t\t<div class=\"elementor-element elementor-element-6c72b2c0 elementor-widget elementor-widget-heading\" data-id=\"6c72b2c0\" data-element_type=\"widget\" data-widget_type=\"heading.default\">\n\t\t\t\t<div class=\"elementor-widget-container\">\n\t\t\t<h2 class=\"elementor-heading-title elementor-size-default\">Nenad Mlinarevic\n<\/h2>\t\t<\/div>\n\t\t\t\t<\/div>\n\t\t\t\t<div class=\"elementor-element elementor-element-eae449d elementor-widget elementor-widget-text-editor\" data-id=\"eae449d\" data-element_type=\"widget\" data-widget_type=\"text-editor.default\">\n\t\t\t\t<div class=\"elementor-widget-container\">\n\t\t\t\t\t\t\t<p>Le grand chef suisse Nenad Mlinarevic se distingue par sa polyvalence, sa qu\u00eate de perfection et son immense d\u00e9vouement \u00e0 son m\u00e9tier. Le Zurichois a \u00e9t\u00e9 \u201cCuisinier de l\u2019ann\u00e9e\u201d, a g\u00e9r\u00e9 des restaurants \u00e9ph\u00e9m\u00e8res qui sont devenus des \u00e9v\u00e9nements et dirige aujourd\u2019hui quelques-uns des restaurants de gastronomie moderne les plus populaires de Zurich.  Depuis de nombreuses ann\u00e9es, Miele Nenad est un partenaire fiable dans sa cuisine, ses restaurants et son atelier cr\u00e9atif.<\/p>\n\t\t\t\t\t\t<\/div>\n\t\t\t\t<\/div>\n\t\t\t\t<\/div>\n\t\t\t\t<\/div>\n\t\t<div class=\"elementor-element elementor-element-52ecdf56 e-flex e-con-boxed elementor-invisible e-con e-parent\" data-id=\"52ecdf56\" data-element_type=\"container\" data-settings=\"{&quot;animation&quot;:&quot;slideInUp&quot;}\">\n\t\t\t\t\t<div class=\"e-con-inner\">\n\t\t<div class=\"elementor-element elementor-element-5958fff5 e-con-full e-flex e-con e-child\" data-id=\"5958fff5\" data-element_type=\"container\" data-settings=\"{&quot;motion_fx_motion_fx_scrolling&quot;:&quot;yes&quot;,&quot;motion_fx_translateX_effect&quot;:&quot;yes&quot;,&quot;motion_fx_translateX_direction&quot;:&quot;negative&quot;,&quot;motion_fx_translateX_speed&quot;:{&quot;unit&quot;:&quot;px&quot;,&quot;size&quot;:2,&quot;sizes&quot;:[]},&quot;motion_fx_translateX_affectedRange&quot;:{&quot;unit&quot;:&quot;%&quot;,&quot;size&quot;:&quot;&quot;,&quot;sizes&quot;:{&quot;start&quot;:0,&quot;end&quot;:50}},&quot;motion_fx_motion_fx_mouse&quot;:&quot;yes&quot;,&quot;motion_fx_devices&quot;:[&quot;desktop&quot;,&quot;tablet&quot;,&quot;mobile&quot;]}\">\n\t\t\t\t<div class=\"elementor-element elementor-element-f67832c elementor-widget elementor-widget-heading\" data-id=\"f67832c\" data-element_type=\"widget\" data-widget_type=\"heading.default\">\n\t\t\t\t<div class=\"elementor-widget-container\">\n\t\t\t<h2 class=\"elementor-heading-title elementor-size-default\">Nenad Mlinarevic\n<\/h2>\t\t<\/div>\n\t\t\t\t<\/div>\n\t\t\t\t<div class=\"elementor-element elementor-element-2f491b92 elementor-blockquote--skin-quotation elementor-blockquote--button-color-official elementor-widget elementor-widget-blockquote\" data-id=\"2f491b92\" data-element_type=\"widget\" data-widget_type=\"blockquote.default\">\n\t\t\t\t<div class=\"elementor-widget-container\">\n\t\t\t\t\t<blockquote class=\"elementor-blockquote\">\n\t\t\t<p class=\"elementor-blockquote__content\">\n\t\t\t\tLa cuisine, c'est la cr\u00e9ativit\u00e9 plus la passion - le r\u00e9sultat doit toujours \u00eatre le meilleur go\u00fbt possible.\t\t\t<\/p>\n\t\t\t\t\t<\/blockquote>\n\t\t\t\t<\/div>\n\t\t\t\t<\/div>\n\t\t\t\t<\/div>\n\t\t<div class=\"elementor-element elementor-element-3f98ebe e-con-full e-flex e-con e-child\" data-id=\"3f98ebe\" data-element_type=\"container\" data-settings=\"{&quot;motion_fx_motion_fx_scrolling&quot;:&quot;yes&quot;,&quot;motion_fx_translateX_effect&quot;:&quot;yes&quot;,&quot;motion_fx_translateX_speed&quot;:{&quot;unit&quot;:&quot;px&quot;,&quot;size&quot;:2,&quot;sizes&quot;:[]},&quot;motion_fx_translateX_affectedRange&quot;:{&quot;unit&quot;:&quot;%&quot;,&quot;size&quot;:&quot;&quot;,&quot;sizes&quot;:{&quot;start&quot;:0,&quot;end&quot;:50}},&quot;motion_fx_devices&quot;:[&quot;desktop&quot;,&quot;tablet&quot;]}\">\n\t\t\t\t<div class=\"elementor-element elementor-element-e7ffec8 elementor-widget elementor-widget-image\" data-id=\"e7ffec8\" data-element_type=\"widget\" data-widget_type=\"image.default\">\n\t\t\t\t<div class=\"elementor-widget-container\">\n\t\t\t\t\t\t\t\t\t\t\t\t\t<img loading=\"lazy\" decoding=\"async\" width=\"1281\" height=\"1920\" src=\"https:\/\/mielemc.ch\/wp-content\/uploads\/2024\/11\/8-nenad.jpg\" class=\"attachment-full size-full wp-image-2575\" alt=\"\" srcset=\"https:\/\/mielemc.ch\/wp-content\/uploads\/2024\/11\/8-nenad.jpg 1281w, https:\/\/mielemc.ch\/wp-content\/uploads\/2024\/11\/8-nenad-534x800.jpg 534w, https:\/\/mielemc.ch\/wp-content\/uploads\/2024\/11\/8-nenad-768x1151.jpg 768w, https:\/\/mielemc.ch\/wp-content\/uploads\/2024\/11\/8-nenad-683x1024.jpg 683w, https:\/\/mielemc.ch\/wp-content\/uploads\/2024\/11\/8-nenad-1025x1536.jpg 1025w, https:\/\/mielemc.ch\/wp-content\/uploads\/2024\/11\/8-nenad-200x300.jpg 200w\" sizes=\"(max-width: 1281px) 100vw, 1281px\" \/>\t\t\t\t\t\t\t\t\t\t\t\t\t<\/div>\n\t\t\t\t<\/div>\n\t\t\t\t<\/div>\n\t\t\t\t\t<\/div>\n\t\t\t\t<\/div>\n\t\t<div class=\"elementor-element elementor-element-3c7b7d9a e-con-full margin-right e-flex elementor-invisible e-con e-parent\" data-id=\"3c7b7d9a\" data-element_type=\"container\" data-settings=\"{&quot;animation&quot;:&quot;slideInUp&quot;}\">\n\t\t<div class=\"elementor-element elementor-element-715cbf8e e-con-full e-flex e-con e-child\" data-id=\"715cbf8e\" data-element_type=\"container\" data-settings=\"{&quot;motion_fx_motion_fx_scrolling&quot;:&quot;yes&quot;,&quot;motion_fx_translateX_effect&quot;:&quot;yes&quot;,&quot;motion_fx_translateX_direction&quot;:&quot;negative&quot;,&quot;motion_fx_translateX_speed&quot;:{&quot;unit&quot;:&quot;px&quot;,&quot;size&quot;:2,&quot;sizes&quot;:[]},&quot;motion_fx_translateX_affectedRange&quot;:{&quot;unit&quot;:&quot;%&quot;,&quot;size&quot;:&quot;&quot;,&quot;sizes&quot;:{&quot;start&quot;:0,&quot;end&quot;:50}},&quot;motion_fx_devices&quot;:[&quot;desktop&quot;,&quot;tablet&quot;,&quot;mobile&quot;]}\">\n\t\t\t\t<div class=\"elementor-element elementor-element-5329fe54 elementor-widget elementor-widget-image\" data-id=\"5329fe54\" data-element_type=\"widget\" data-widget_type=\"image.default\">\n\t\t\t\t<div class=\"elementor-widget-container\">\n\t\t\t\t\t\t\t\t\t\t\t\t\t<img loading=\"lazy\" decoding=\"async\" width=\"1920\" height=\"1281\" src=\"https:\/\/mielemc.ch\/wp-content\/uploads\/2024\/11\/9-nenad.jpg\" class=\"attachment-full size-full wp-image-2579\" alt=\"\" srcset=\"https:\/\/mielemc.ch\/wp-content\/uploads\/2024\/11\/9-nenad.jpg 1920w, https:\/\/mielemc.ch\/wp-content\/uploads\/2024\/11\/9-nenad-800x534.jpg 800w, https:\/\/mielemc.ch\/wp-content\/uploads\/2024\/11\/9-nenad-768x512.jpg 768w, https:\/\/mielemc.ch\/wp-content\/uploads\/2024\/11\/9-nenad-1024x683.jpg 1024w, https:\/\/mielemc.ch\/wp-content\/uploads\/2024\/11\/9-nenad-1536x1025.jpg 1536w, https:\/\/mielemc.ch\/wp-content\/uploads\/2024\/11\/9-nenad-300x200.jpg 300w\" sizes=\"(max-width: 1920px) 100vw, 1920px\" \/>\t\t\t\t\t\t\t\t\t\t\t\t\t<\/div>\n\t\t\t\t<\/div>\n\t\t\t\t<\/div>\n\t\t<div class=\"elementor-element elementor-element-6422bc08 e-con-full e-flex e-con e-child\" data-id=\"6422bc08\" data-element_type=\"container\" data-settings=\"{&quot;motion_fx_motion_fx_scrolling&quot;:&quot;yes&quot;,&quot;motion_fx_translateX_effect&quot;:&quot;yes&quot;,&quot;motion_fx_translateX_speed&quot;:{&quot;unit&quot;:&quot;px&quot;,&quot;size&quot;:2,&quot;sizes&quot;:[]},&quot;motion_fx_translateX_affectedRange&quot;:{&quot;unit&quot;:&quot;%&quot;,&quot;size&quot;:&quot;&quot;,&quot;sizes&quot;:{&quot;start&quot;:0,&quot;end&quot;:50}},&quot;motion_fx_devices&quot;:[&quot;desktop&quot;,&quot;tablet&quot;]}\">\n\t\t\t\t<div class=\"elementor-element elementor-element-469fcb52 elementor-widget elementor-widget-heading\" data-id=\"469fcb52\" data-element_type=\"widget\" data-widget_type=\"heading.default\">\n\t\t\t\t<div class=\"elementor-widget-container\">\n\t\t\t<h2 class=\"elementor-heading-title elementor-size-default\">L\u2019histoire de Nenad\n<\/h2>\t\t<\/div>\n\t\t\t\t<\/div>\n\t\t\t\t<div class=\"elementor-element elementor-element-39c47b96 elementor-widget elementor-widget-text-editor\" data-id=\"39c47b96\" data-element_type=\"widget\" data-widget_type=\"text-editor.default\">\n\t\t\t\t<div class=\"elementor-widget-container\">\n\t\t\t\t\t\t\t<p>Nenad Mlinarevic travaille depuis plus de 20 ans dans la gastronomie de premier plan, qu\u2019il a durablement marqu\u00e9e de son empreinte gr\u00e2ce \u00e0 sa passion sans compromis pour le m\u00e9tier de cuisinier. En tant que \u201cCuisinier de l\u2019ann\u00e9e\u201d, il a \u00e9t\u00e9 le premier en Suisse \u00e0 travailler exclusivement avec des ingr\u00e9dients locaux au niveau de 2 \u00e9toiles et 18 points. Le restaurant \u00e9ph\u00e9m\u00e8re \u201cStadthalle\u201d \u00e0 Zurich a \u00e9galement fait parler de lui, tout comme les deux \u00e9tablissements de la vieille ville \u201cBauernsch\u00e4nke\u201d (15 points) et \u201cNeue Taverne\u201d (1 \u00e9toile, 16 points), o\u00f9 Nenad et ses \u00e9quipes proposent une cuisine contemporaine bas\u00e9e sur le partage et les l\u00e9gumes. Avec ses plats v\u00e9g\u00e9tariens, le chef dynamique offre un nouvel avenir \u00e0 la gastronomie dans une atmosph\u00e8re d\u00e9contract\u00e9e.   <\/p>\n\t\t\t\t\t\t<\/div>\n\t\t\t\t<\/div>\n\t\t\t\t<\/div>\n\t\t\t\t<\/div>\n\t\t<div class=\"elementor-element elementor-element-62639a55 e-con-full margin-left e-flex elementor-invisible e-con e-parent\" data-id=\"62639a55\" data-element_type=\"container\" data-settings=\"{&quot;animation&quot;:&quot;slideInUp&quot;}\">\n\t\t<div class=\"elementor-element elementor-element-1456341 e-con-full e-flex e-con e-child\" data-id=\"1456341\" data-element_type=\"container\" data-settings=\"{&quot;motion_fx_motion_fx_scrolling&quot;:&quot;yes&quot;,&quot;motion_fx_translateX_effect&quot;:&quot;yes&quot;,&quot;motion_fx_translateX_speed&quot;:{&quot;unit&quot;:&quot;px&quot;,&quot;size&quot;:2,&quot;sizes&quot;:[]},&quot;motion_fx_translateX_affectedRange&quot;:{&quot;unit&quot;:&quot;%&quot;,&quot;size&quot;:&quot;&quot;,&quot;sizes&quot;:{&quot;start&quot;:0,&quot;end&quot;:50}},&quot;motion_fx_translateX_direction&quot;:&quot;negative&quot;,&quot;motion_fx_devices&quot;:[&quot;desktop&quot;,&quot;tablet&quot;]}\">\n\t\t\t\t<div class=\"elementor-element elementor-element-463189bb elementor-widget elementor-widget-heading\" data-id=\"463189bb\" data-element_type=\"widget\" data-widget_type=\"heading.default\">\n\t\t\t\t<div class=\"elementor-widget-container\">\n\t\t\t<h2 class=\"elementor-heading-title elementor-size-default\">Une vision pionni\u00e8re\n\n<\/h2>\t\t<\/div>\n\t\t\t\t<\/div>\n\t\t\t\t<div class=\"elementor-element elementor-element-211888d2 elementor-widget elementor-widget-text-editor\" data-id=\"211888d2\" data-element_type=\"widget\" data-widget_type=\"text-editor.default\">\n\t\t\t\t<div class=\"elementor-widget-container\">\n\t\t\t\t\t\t\t<p>Depuis de nombreuses ann\u00e9es, Nenad est pour Miele un partenaire fiable dans sa cuisine, dans ses restaurants et dans son atelier cr\u00e9atif. Les ambitions qualitatives de l\u2019entrepreneur gastronomique et les possibilit\u00e9s offertes par la gamme de produits Miele sont en parfaite ad\u00e9quation. \u201cJ\u2019ai choisi Miele parce que j\u2019y ai trouv\u00e9 un partenaire d\u2019\u00e9gal \u00e0 \u00e9gal avec lequel je partage la m\u00eame vision de l\u2019innovation et de la perfection \u00e0 tous les niveaux de la cuisine\u201d, explique Nenad Mlinarevic.  <\/p>\n\t\t\t\t\t\t<\/div>\n\t\t\t\t<\/div>\n\t\t\t\t<\/div>\n\t\t<div class=\"elementor-element elementor-element-7abfeb84 e-con-full e-flex e-con e-child\" data-id=\"7abfeb84\" data-element_type=\"container\" data-settings=\"{&quot;motion_fx_motion_fx_scrolling&quot;:&quot;yes&quot;,&quot;motion_fx_translateX_effect&quot;:&quot;yes&quot;,&quot;motion_fx_translateX_speed&quot;:{&quot;unit&quot;:&quot;px&quot;,&quot;size&quot;:2,&quot;sizes&quot;:[]},&quot;motion_fx_translateX_affectedRange&quot;:{&quot;unit&quot;:&quot;%&quot;,&quot;size&quot;:&quot;&quot;,&quot;sizes&quot;:{&quot;start&quot;:0,&quot;end&quot;:50}},&quot;motion_fx_devices&quot;:[&quot;desktop&quot;,&quot;tablet&quot;,&quot;mobile&quot;]}\">\n\t\t\t\t<div class=\"elementor-element elementor-element-3c1ac409 elementor-widget elementor-widget-image\" data-id=\"3c1ac409\" data-element_type=\"widget\" data-widget_type=\"image.default\">\n\t\t\t\t<div class=\"elementor-widget-container\">\n\t\t\t\t\t\t\t\t\t\t\t\t\t<img loading=\"lazy\" decoding=\"async\" width=\"1920\" height=\"1281\" src=\"https:\/\/mielemc.ch\/wp-content\/uploads\/2024\/11\/10-nenad.jpg\" class=\"attachment-full size-full wp-image-2583\" alt=\"\" srcset=\"https:\/\/mielemc.ch\/wp-content\/uploads\/2024\/11\/10-nenad.jpg 1920w, https:\/\/mielemc.ch\/wp-content\/uploads\/2024\/11\/10-nenad-800x534.jpg 800w, https:\/\/mielemc.ch\/wp-content\/uploads\/2024\/11\/10-nenad-768x512.jpg 768w, https:\/\/mielemc.ch\/wp-content\/uploads\/2024\/11\/10-nenad-1024x683.jpg 1024w, https:\/\/mielemc.ch\/wp-content\/uploads\/2024\/11\/10-nenad-1536x1025.jpg 1536w, https:\/\/mielemc.ch\/wp-content\/uploads\/2024\/11\/10-nenad-300x200.jpg 300w\" sizes=\"(max-width: 1920px) 100vw, 1920px\" \/>\t\t\t\t\t\t\t\t\t\t\t\t\t<\/div>\n\t\t\t\t<\/div>\n\t\t\t\t<\/div>\n\t\t\t\t<\/div>\n\t\t\t\t<\/div>\n\t\t","protected":false},"excerpt":{"rendered":"<p>Nenad Mlinarevic Le grand chef suisse Nenad Mlinarevic se distingue par sa polyvalence, sa qu\u00eate de perfection et son immense d\u00e9vouement \u00e0 son m\u00e9tier. Le Zurichois a \u00e9t\u00e9 \u201cCuisinier de l\u2019ann\u00e9e\u201d, a g\u00e9r\u00e9 des restaurants \u00e9ph\u00e9m\u00e8res qui sont devenus des \u00e9v\u00e9nements et dirige aujourd\u2019hui quelques-uns des restaurants de gastronomie moderne les plus populaires de Zurich. [&hellip;]<\/p>\n","protected":false},"author":1,"featured_media":0,"parent":0,"menu_order":0,"comment_status":"closed","ping_status":"closed","template":"","meta":{"footnotes":""},"class_list":["post-2488","page","type-page","status-publish","hentry"],"yoast_head":"<!-- This site is optimized with the Yoast SEO plugin v23.6 - https:\/\/yoast.com\/wordpress\/plugins\/seo\/ -->\n<title>Nenad Mlinarevic - Miele X MasterChef Schweiz<\/title>\n<meta name=\"robots\" content=\"index, follow, max-snippet:-1, max-image-preview:large, max-video-preview:-1\" \/>\n<link rel=\"canonical\" href=\"https:\/\/mielemc.ch\/fr\/nenad-mlinarevic\/\" \/>\n<meta property=\"og:locale\" content=\"fr_FR\" \/>\n<meta property=\"og:type\" content=\"article\" \/>\n<meta property=\"og:title\" content=\"Nenad Mlinarevic - Miele X MasterChef Schweiz\" \/>\n<meta property=\"og:description\" content=\"Nenad Mlinarevic Le grand chef suisse Nenad Mlinarevic se distingue par sa polyvalence, sa qu\u00eate de perfection et son immense d\u00e9vouement \u00e0 son m\u00e9tier. Le Zurichois a \u00e9t\u00e9 \u201cCuisinier de l\u2019ann\u00e9e\u201d, a g\u00e9r\u00e9 des restaurants \u00e9ph\u00e9m\u00e8res qui sont devenus des \u00e9v\u00e9nements et dirige aujourd\u2019hui quelques-uns des restaurants de gastronomie moderne les plus populaires de Zurich. [&hellip;]\" \/>\n<meta property=\"og:url\" content=\"https:\/\/mielemc.ch\/fr\/nenad-mlinarevic\/\" \/>\n<meta property=\"og:site_name\" content=\"Miele X MasterChef Schweiz\" \/>\n<meta property=\"article:modified_time\" content=\"2024-11-15T10:47:17+00:00\" \/>\n<meta property=\"og:image\" content=\"https:\/\/mielemc.ch\/wp-content\/uploads\/2024\/11\/7-nenad.jpg\" \/>\n\t<meta property=\"og:image:width\" content=\"1920\" \/>\n\t<meta property=\"og:image:height\" content=\"1281\" \/>\n\t<meta property=\"og:image:type\" content=\"image\/jpeg\" \/>\n<meta name=\"twitter:card\" content=\"summary_large_image\" \/>\n<meta name=\"twitter:label1\" content=\"Dur\u00e9e de lecture estim\u00e9e\" \/>\n\t<meta name=\"twitter:data1\" content=\"2 minutes\" \/>\n<script type=\"application\/ld+json\" class=\"yoast-schema-graph\">{\"@context\":\"https:\/\/schema.org\",\"@graph\":[{\"@type\":\"WebPage\",\"@id\":\"https:\/\/mielemc.ch\/fr\/nenad-mlinarevic\/\",\"url\":\"https:\/\/mielemc.ch\/fr\/nenad-mlinarevic\/\",\"name\":\"Nenad Mlinarevic - Miele X MasterChef Schweiz\",\"isPartOf\":{\"@id\":\"https:\/\/mielemc.ch\/fr\/#website\"},\"primaryImageOfPage\":{\"@id\":\"https:\/\/mielemc.ch\/fr\/nenad-mlinarevic\/#primaryimage\"},\"image\":{\"@id\":\"https:\/\/mielemc.ch\/fr\/nenad-mlinarevic\/#primaryimage\"},\"thumbnailUrl\":\"https:\/\/mielemc.ch\/wp-content\/uploads\/2024\/11\/7-nenad.jpg\",\"datePublished\":\"2024-10-21T05:42:12+00:00\",\"dateModified\":\"2024-11-15T10:47:17+00:00\",\"breadcrumb\":{\"@id\":\"https:\/\/mielemc.ch\/fr\/nenad-mlinarevic\/#breadcrumb\"},\"inLanguage\":\"fr-FR\",\"potentialAction\":[{\"@type\":\"ReadAction\",\"target\":[\"https:\/\/mielemc.ch\/fr\/nenad-mlinarevic\/\"]}]},{\"@type\":\"ImageObject\",\"inLanguage\":\"fr-FR\",\"@id\":\"https:\/\/mielemc.ch\/fr\/nenad-mlinarevic\/#primaryimage\",\"url\":\"https:\/\/mielemc.ch\/wp-content\/uploads\/2024\/11\/7-nenad.jpg\",\"contentUrl\":\"https:\/\/mielemc.ch\/wp-content\/uploads\/2024\/11\/7-nenad.jpg\"},{\"@type\":\"BreadcrumbList\",\"@id\":\"https:\/\/mielemc.ch\/fr\/nenad-mlinarevic\/#breadcrumb\",\"itemListElement\":[{\"@type\":\"ListItem\",\"position\":1,\"name\":\"Startseite\",\"item\":\"https:\/\/mielemc.ch\/fr\/mielemc\/\"},{\"@type\":\"ListItem\",\"position\":2,\"name\":\"Nenad Mlinarevic\"}]},{\"@type\":\"WebSite\",\"@id\":\"https:\/\/mielemc.ch\/fr\/#website\",\"url\":\"https:\/\/mielemc.ch\/fr\/\",\"name\":\"Miele X MasterChef Schweiz\",\"description\":\"\",\"publisher\":{\"@id\":\"https:\/\/mielemc.ch\/fr\/#organization\"},\"potentialAction\":[{\"@type\":\"SearchAction\",\"target\":{\"@type\":\"EntryPoint\",\"urlTemplate\":\"https:\/\/mielemc.ch\/fr\/?s={search_term_string}\"},\"query-input\":{\"@type\":\"PropertyValueSpecification\",\"valueRequired\":true,\"valueName\":\"search_term_string\"}}],\"inLanguage\":\"fr-FR\"},{\"@type\":\"Organization\",\"@id\":\"https:\/\/mielemc.ch\/fr\/#organization\",\"name\":\"Miele X MasterChef Schweiz\",\"url\":\"https:\/\/mielemc.ch\/fr\/\",\"logo\":{\"@type\":\"ImageObject\",\"inLanguage\":\"fr-FR\",\"@id\":\"https:\/\/mielemc.ch\/fr\/#\/schema\/logo\/image\/\",\"url\":\"https:\/\/mielemc.ch\/wp-content\/uploads\/2023\/10\/Miele_Logo_Red_sRGB.webp\",\"contentUrl\":\"https:\/\/mielemc.ch\/wp-content\/uploads\/2023\/10\/Miele_Logo_Red_sRGB.webp\",\"width\":1920,\"height\":735,\"caption\":\"Miele X MasterChef Schweiz\"},\"image\":{\"@id\":\"https:\/\/mielemc.ch\/fr\/#\/schema\/logo\/image\/\"}}]}<\/script>\n<!-- \/ Yoast SEO plugin. -->","yoast_head_json":{"title":"Nenad Mlinarevic - Miele X MasterChef Schweiz","robots":{"index":"index","follow":"follow","max-snippet":"max-snippet:-1","max-image-preview":"max-image-preview:large","max-video-preview":"max-video-preview:-1"},"canonical":"https:\/\/mielemc.ch\/fr\/nenad-mlinarevic\/","og_locale":"fr_FR","og_type":"article","og_title":"Nenad Mlinarevic - Miele X MasterChef Schweiz","og_description":"Nenad Mlinarevic Le grand chef suisse Nenad Mlinarevic se distingue par sa polyvalence, sa qu\u00eate de perfection et son immense d\u00e9vouement \u00e0 son m\u00e9tier. Le Zurichois a \u00e9t\u00e9 \u201cCuisinier de l\u2019ann\u00e9e\u201d, a g\u00e9r\u00e9 des restaurants \u00e9ph\u00e9m\u00e8res qui sont devenus des \u00e9v\u00e9nements et dirige aujourd\u2019hui quelques-uns des restaurants de gastronomie moderne les plus populaires de Zurich. [&hellip;]","og_url":"https:\/\/mielemc.ch\/fr\/nenad-mlinarevic\/","og_site_name":"Miele X MasterChef Schweiz","article_modified_time":"2024-11-15T10:47:17+00:00","og_image":[{"width":1920,"height":1281,"url":"https:\/\/mielemc.ch\/wp-content\/uploads\/2024\/11\/7-nenad.jpg","type":"image\/jpeg"}],"twitter_card":"summary_large_image","twitter_misc":{"Dur\u00e9e de lecture estim\u00e9e":"2 minutes"},"schema":{"@context":"https:\/\/schema.org","@graph":[{"@type":"WebPage","@id":"https:\/\/mielemc.ch\/fr\/nenad-mlinarevic\/","url":"https:\/\/mielemc.ch\/fr\/nenad-mlinarevic\/","name":"Nenad Mlinarevic - Miele X MasterChef Schweiz","isPartOf":{"@id":"https:\/\/mielemc.ch\/fr\/#website"},"primaryImageOfPage":{"@id":"https:\/\/mielemc.ch\/fr\/nenad-mlinarevic\/#primaryimage"},"image":{"@id":"https:\/\/mielemc.ch\/fr\/nenad-mlinarevic\/#primaryimage"},"thumbnailUrl":"https:\/\/mielemc.ch\/wp-content\/uploads\/2024\/11\/7-nenad.jpg","datePublished":"2024-10-21T05:42:12+00:00","dateModified":"2024-11-15T10:47:17+00:00","breadcrumb":{"@id":"https:\/\/mielemc.ch\/fr\/nenad-mlinarevic\/#breadcrumb"},"inLanguage":"fr-FR","potentialAction":[{"@type":"ReadAction","target":["https:\/\/mielemc.ch\/fr\/nenad-mlinarevic\/"]}]},{"@type":"ImageObject","inLanguage":"fr-FR","@id":"https:\/\/mielemc.ch\/fr\/nenad-mlinarevic\/#primaryimage","url":"https:\/\/mielemc.ch\/wp-content\/uploads\/2024\/11\/7-nenad.jpg","contentUrl":"https:\/\/mielemc.ch\/wp-content\/uploads\/2024\/11\/7-nenad.jpg"},{"@type":"BreadcrumbList","@id":"https:\/\/mielemc.ch\/fr\/nenad-mlinarevic\/#breadcrumb","itemListElement":[{"@type":"ListItem","position":1,"name":"Startseite","item":"https:\/\/mielemc.ch\/fr\/mielemc\/"},{"@type":"ListItem","position":2,"name":"Nenad Mlinarevic"}]},{"@type":"WebSite","@id":"https:\/\/mielemc.ch\/fr\/#website","url":"https:\/\/mielemc.ch\/fr\/","name":"Miele X MasterChef Schweiz","description":"","publisher":{"@id":"https:\/\/mielemc.ch\/fr\/#organization"},"potentialAction":[{"@type":"SearchAction","target":{"@type":"EntryPoint","urlTemplate":"https:\/\/mielemc.ch\/fr\/?s={search_term_string}"},"query-input":{"@type":"PropertyValueSpecification","valueRequired":true,"valueName":"search_term_string"}}],"inLanguage":"fr-FR"},{"@type":"Organization","@id":"https:\/\/mielemc.ch\/fr\/#organization","name":"Miele X MasterChef Schweiz","url":"https:\/\/mielemc.ch\/fr\/","logo":{"@type":"ImageObject","inLanguage":"fr-FR","@id":"https:\/\/mielemc.ch\/fr\/#\/schema\/logo\/image\/","url":"https:\/\/mielemc.ch\/wp-content\/uploads\/2023\/10\/Miele_Logo_Red_sRGB.webp","contentUrl":"https:\/\/mielemc.ch\/wp-content\/uploads\/2023\/10\/Miele_Logo_Red_sRGB.webp","width":1920,"height":735,"caption":"Miele X MasterChef Schweiz"},"image":{"@id":"https:\/\/mielemc.ch\/fr\/#\/schema\/logo\/image\/"}}]}},"_links":{"self":[{"href":"https:\/\/mielemc.ch\/fr\/wp-json\/wp\/v2\/pages\/2488"}],"collection":[{"href":"https:\/\/mielemc.ch\/fr\/wp-json\/wp\/v2\/pages"}],"about":[{"href":"https:\/\/mielemc.ch\/fr\/wp-json\/wp\/v2\/types\/page"}],"author":[{"embeddable":true,"href":"https:\/\/mielemc.ch\/fr\/wp-json\/wp\/v2\/users\/1"}],"replies":[{"embeddable":true,"href":"https:\/\/mielemc.ch\/fr\/wp-json\/wp\/v2\/comments?post=2488"}],"version-history":[{"count":4,"href":"https:\/\/mielemc.ch\/fr\/wp-json\/wp\/v2\/pages\/2488\/revisions"}],"predecessor-version":[{"id":2639,"href":"https:\/\/mielemc.ch\/fr\/wp-json\/wp\/v2\/pages\/2488\/revisions\/2639"}],"wp:attachment":[{"href":"https:\/\/mielemc.ch\/fr\/wp-json\/wp\/v2\/media?parent=2488"}],"curies":[{"name":"wp","href":"https:\/\/api.w.org\/{rel}","templated":true}]}}