{"id":1424,"date":"2024-07-29T09:43:29","date_gmt":"2024-07-29T09:43:29","guid":{"rendered":"https:\/\/staging.mielesustainablefashion.ch\/yannik-zamboni\/"},"modified":"2024-08-26T08:08:37","modified_gmt":"2024-08-26T08:08:37","slug":"yannik-zamboni","status":"publish","type":"page","link":"https:\/\/mielemc.ch\/it\/yannik-zamboni\/","title":{"rendered":"Yannik Zamboni"},"content":{"rendered":"\t\t<div data-elementor-type=\"wp-page\" data-elementor-id=\"1424\" class=\"elementor elementor-1424\" data-elementor-post-type=\"page\">\n\t\t\t\t<div class=\"elementor-element elementor-element-170c641 e-flex e-con-boxed e-con e-parent\" data-id=\"170c641\" data-element_type=\"container\">\n\t\t\t\t\t<div class=\"e-con-inner\">\n\t\t\t\t\t<\/div>\n\t\t\t\t<\/div>\n\t\t<div class=\"elementor-element elementor-element-40ef7bb e-flex e-con-boxed elementor-invisible e-con e-parent\" data-id=\"40ef7bb\" data-element_type=\"container\" data-settings=\"{&quot;animation&quot;:&quot;slideInUp&quot;}\">\n\t\t\t\t\t<div class=\"e-con-inner\">\n\t\t<div class=\"elementor-element elementor-element-00b9105 e-con-full e-flex e-con e-child\" data-id=\"00b9105\" data-element_type=\"container\" data-settings=\"{&quot;motion_fx_motion_fx_mouse&quot;:&quot;yes&quot;}\">\n\t\t\t\t<div class=\"elementor-element elementor-element-61b93f7 elementor-widget elementor-widget-heading\" data-id=\"61b93f7\" data-element_type=\"widget\" data-widget_type=\"heading.default\">\n\t\t\t\t<div class=\"elementor-widget-container\">\n\t\t\t<h3 class=\"elementor-heading-title elementor-size-default\">Designer<\/h3>\t\t<\/div>\n\t\t\t\t<\/div>\n\t\t\t\t<div class=\"elementor-element elementor-element-c24d5e2 elementor-widget elementor-widget-heading\" data-id=\"c24d5e2\" data-element_type=\"widget\" data-widget_type=\"heading.default\">\n\t\t\t\t<div class=\"elementor-widget-container\">\n\t\t\t<h2 class=\"elementor-heading-title elementor-size-default\">Yannik Zamboni<\/h2>\t\t<\/div>\n\t\t\t\t<\/div>\n\t\t\t\t<div class=\"elementor-element elementor-element-81b54a4 elementor-blockquote--skin-quotation elementor-blockquote--button-color-official elementor-widget elementor-widget-blockquote\" data-id=\"81b54a4\" data-element_type=\"widget\" data-widget_type=\"blockquote.default\">\n\t\t\t\t<div class=\"elementor-widget-container\">\n\t\t\t\t\t<blockquote class=\"elementor-blockquote\">\n\t\t\t<p class=\"elementor-blockquote__content\">\n\t\t\t\tPer me e il mio team, ricevere il Miele x Mode Suisse Award for Positive Impact \u00e8 un grande onore. Questo premio \u00e8 molto importante per me perch\u00e9, oltre al design, riconosce anche e soprattutto l\u2019impegno e gli sforzi mirati a una creazione sostenibile, rafforzandone il senso. \t\t\t<\/p>\n\t\t\t\t\t<\/blockquote>\n\t\t\t\t<\/div>\n\t\t\t\t<\/div>\n\t\t\t\t<\/div>\n\t\t<div class=\"elementor-element elementor-element-b2d983b e-con-full e-flex e-con e-child\" data-id=\"b2d983b\" data-element_type=\"container\">\n\t\t\t\t<div class=\"elementor-element elementor-element-6c466c5 elementor-widget elementor-widget-image\" data-id=\"6c466c5\" data-element_type=\"widget\" data-widget_type=\"image.default\">\n\t\t\t\t<div class=\"elementor-widget-container\">\n\t\t\t\t\t\t\t\t\t\t\t\t\t<img loading=\"lazy\" decoding=\"async\" width=\"1080\" height=\"1620\" src=\"https:\/\/mielemc.ch\/wp-content\/uploads\/2024\/07\/Yannik_Zamboni_waschmaschine-1080-1.webp\" class=\"attachment-full size-full wp-image-1018\" alt=\"Yannik Zamboni sitzt auf der Miele Waschmaschine\" srcset=\"https:\/\/mielemc.ch\/wp-content\/uploads\/2024\/07\/Yannik_Zamboni_waschmaschine-1080-1.webp 1080w, https:\/\/mielemc.ch\/wp-content\/uploads\/2024\/07\/Yannik_Zamboni_waschmaschine-1080-1-533x800.webp 533w, https:\/\/mielemc.ch\/wp-content\/uploads\/2024\/07\/Yannik_Zamboni_waschmaschine-1080-1-768x1152.webp 768w, https:\/\/mielemc.ch\/wp-content\/uploads\/2024\/07\/Yannik_Zamboni_waschmaschine-1080-1-683x1024.webp 683w, https:\/\/mielemc.ch\/wp-content\/uploads\/2024\/07\/Yannik_Zamboni_waschmaschine-1080-1-1024x1536.webp 1024w, https:\/\/mielemc.ch\/wp-content\/uploads\/2024\/07\/Yannik_Zamboni_waschmaschine-1080-1-200x300.webp 200w\" sizes=\"(max-width: 1080px) 100vw, 1080px\" \/>\t\t\t\t\t\t\t\t\t\t\t\t\t<\/div>\n\t\t\t\t<\/div>\n\t\t\t\t<\/div>\n\t\t\t\t\t<\/div>\n\t\t\t\t<\/div>\n\t\t<div class=\"elementor-element elementor-element-69da7dcc e-con-full margin-right e-flex elementor-invisible e-con e-parent\" data-id=\"69da7dcc\" data-element_type=\"container\" data-settings=\"{&quot;animation&quot;:&quot;slideInUp&quot;}\">\n\t\t<div class=\"elementor-element elementor-element-4cca9aa7 e-con-full e-flex e-con e-child\" data-id=\"4cca9aa7\" data-element_type=\"container\" data-settings=\"{&quot;motion_fx_motion_fx_scrolling&quot;:&quot;yes&quot;,&quot;motion_fx_translateX_effect&quot;:&quot;yes&quot;,&quot;motion_fx_translateX_direction&quot;:&quot;negative&quot;,&quot;motion_fx_translateX_speed&quot;:{&quot;unit&quot;:&quot;px&quot;,&quot;size&quot;:2,&quot;sizes&quot;:[]},&quot;motion_fx_translateX_affectedRange&quot;:{&quot;unit&quot;:&quot;%&quot;,&quot;size&quot;:&quot;&quot;,&quot;sizes&quot;:{&quot;start&quot;:0,&quot;end&quot;:50}},&quot;motion_fx_devices&quot;:[&quot;desktop&quot;,&quot;tablet&quot;,&quot;mobile&quot;]}\">\n\t\t\t\t<div class=\"elementor-element elementor-element-1fa817d5 elementor-widget elementor-widget-image\" data-id=\"1fa817d5\" data-element_type=\"widget\" data-widget_type=\"image.default\">\n\t\t\t\t<div class=\"elementor-widget-container\">\n\t\t\t\t\t\t\t\t\t\t\t\t\t<img loading=\"lazy\" decoding=\"async\" width=\"1920\" height=\"1280\" src=\"https:\/\/mielemc.ch\/wp-content\/uploads\/2024\/08\/Miele_X_Yannik_Zamboni_367.png\" class=\"attachment-full size-full wp-image-1212\" alt=\"\" srcset=\"https:\/\/mielemc.ch\/wp-content\/uploads\/2024\/08\/Miele_X_Yannik_Zamboni_367.png 1920w, https:\/\/mielemc.ch\/wp-content\/uploads\/2024\/08\/Miele_X_Yannik_Zamboni_367-800x533.png 800w, https:\/\/mielemc.ch\/wp-content\/uploads\/2024\/08\/Miele_X_Yannik_Zamboni_367-768x512.png 768w, https:\/\/mielemc.ch\/wp-content\/uploads\/2024\/08\/Miele_X_Yannik_Zamboni_367-1024x683.png 1024w, https:\/\/mielemc.ch\/wp-content\/uploads\/2024\/08\/Miele_X_Yannik_Zamboni_367-1536x1024.png 1536w, https:\/\/mielemc.ch\/wp-content\/uploads\/2024\/08\/Miele_X_Yannik_Zamboni_367-300x200.png 300w\" sizes=\"(max-width: 1920px) 100vw, 1920px\" \/>\t\t\t\t\t\t\t\t\t\t\t\t\t<\/div>\n\t\t\t\t<\/div>\n\t\t\t\t<\/div>\n\t\t<div class=\"elementor-element elementor-element-3d8f83a6 e-con-full e-flex e-con e-child\" data-id=\"3d8f83a6\" data-element_type=\"container\" data-settings=\"{&quot;motion_fx_motion_fx_scrolling&quot;:&quot;yes&quot;,&quot;motion_fx_translateX_effect&quot;:&quot;yes&quot;,&quot;motion_fx_translateX_speed&quot;:{&quot;unit&quot;:&quot;px&quot;,&quot;size&quot;:2,&quot;sizes&quot;:[]},&quot;motion_fx_translateX_affectedRange&quot;:{&quot;unit&quot;:&quot;%&quot;,&quot;size&quot;:&quot;&quot;,&quot;sizes&quot;:{&quot;start&quot;:0,&quot;end&quot;:50}},&quot;motion_fx_devices&quot;:[&quot;desktop&quot;,&quot;tablet&quot;]}\">\n\t\t\t\t<div class=\"elementor-element elementor-element-729ed549 elementor-widget elementor-widget-heading\" data-id=\"729ed549\" data-element_type=\"widget\" data-widget_type=\"heading.default\">\n\t\t\t\t<div class=\"elementor-widget-container\">\n\t\t\t<h2 class=\"elementor-heading-title elementor-size-default\">maison blanche<\/h2>\t\t<\/div>\n\t\t\t\t<\/div>\n\t\t\t\t<div class=\"elementor-element elementor-element-6a45916 elementor-blockquote--skin-quotation elementor-blockquote--button-color-official elementor-widget elementor-widget-blockquote\" data-id=\"6a45916\" data-element_type=\"widget\" data-widget_type=\"blockquote.default\">\n\t\t\t\t<div class=\"elementor-widget-container\">\n\t\t\t\t\t<blockquote class=\"elementor-blockquote\">\n\t\t\t<p class=\"elementor-blockquote__content\">\n\t\t\t\tCome pionieri, stiamo ridefinendo il modo di amare la moda. Siamo dei precursori per le appassionate e gli appassionati di moda e vogliamo trasmettere una nuova consapevolezza. \t\t\t<\/p>\n\t\t\t\t\t<\/blockquote>\n\t\t\t\t<\/div>\n\t\t\t\t<\/div>\n\t\t\t\t<div class=\"elementor-element elementor-element-a20ac3c elementor-widget elementor-widget-text-editor\" data-id=\"a20ac3c\" data-element_type=\"widget\" data-widget_type=\"text-editor.default\">\n\t\t\t\t<div class=\"elementor-widget-container\">\n\t\t\t\t\t\t\t<p>Zamboni ha sempre avuto a cuore il tema della sostenibilit\u00e0. Fin dalla fondazione del suo marchio \u201cmaison blanche\u201d, Zamboni ha attribuito un ruolo centrale a questo aspetto, non solo a livello ecologico, ma anche sociale, etico ed economico. <\/p>\n\t\t\t\t\t\t<\/div>\n\t\t\t\t<\/div>\n\t\t\t\t<div class=\"elementor-element elementor-element-f521d4d elementor-widget elementor-widget-button\" data-id=\"f521d4d\" data-element_type=\"widget\" data-widget_type=\"button.default\">\n\t\t\t\t<div class=\"elementor-widget-container\">\n\t\t\t\t\t<div class=\"elementor-button-wrapper\">\n\t\t\t<a class=\"elementor-button elementor-button-link elementor-size-sm\" href=\"https:\/\/www.maisonblanche.swiss\/\" target=\"_blank\">\n\t\t\t\t\t\t<span class=\"elementor-button-content-wrapper\">\n\t\t\t\t\t\t\t\t\t<span class=\"elementor-button-text\">maison blanche<\/span>\n\t\t\t\t\t<\/span>\n\t\t\t\t\t<\/a>\n\t\t<\/div>\n\t\t\t\t<\/div>\n\t\t\t\t<\/div>\n\t\t\t\t<\/div>\n\t\t\t\t<\/div>\n\t\t<div class=\"elementor-element elementor-element-27564f05 elementor-hidden-desktop elementor-hidden-tablet elementor-hidden-mobile e-flex e-con-boxed elementor-invisible e-con e-parent\" data-id=\"27564f05\" data-element_type=\"container\" data-settings=\"{&quot;animation&quot;:&quot;slideInUp&quot;}\">\n\t\t\t\t\t<div class=\"e-con-inner\">\n\t\t<div class=\"elementor-element elementor-element-33b5c2fa e-con-full e-flex e-con e-child\" data-id=\"33b5c2fa\" data-element_type=\"container\" data-settings=\"{&quot;motion_fx_motion_fx_scrolling&quot;:&quot;yes&quot;,&quot;motion_fx_translateX_effect&quot;:&quot;yes&quot;,&quot;motion_fx_translateX_direction&quot;:&quot;negative&quot;,&quot;motion_fx_translateX_speed&quot;:{&quot;unit&quot;:&quot;px&quot;,&quot;size&quot;:2,&quot;sizes&quot;:[]},&quot;motion_fx_translateX_affectedRange&quot;:{&quot;unit&quot;:&quot;%&quot;,&quot;size&quot;:&quot;&quot;,&quot;sizes&quot;:{&quot;start&quot;:0,&quot;end&quot;:50}},&quot;motion_fx_motion_fx_mouse&quot;:&quot;yes&quot;,&quot;motion_fx_devices&quot;:[&quot;desktop&quot;,&quot;tablet&quot;,&quot;mobile&quot;]}\">\n\t\t\t\t<div class=\"elementor-element elementor-element-6c74e1a elementor-widget elementor-widget-image\" data-id=\"6c74e1a\" data-element_type=\"widget\" data-widget_type=\"image.default\">\n\t\t\t\t<div class=\"elementor-widget-container\">\n\t\t\t\t\t\t\t\t\t\t\t\t\t<img loading=\"lazy\" decoding=\"async\" width=\"1080\" height=\"1620\" src=\"https:\/\/mielemc.ch\/wp-content\/uploads\/2024\/07\/Yannik_Zamboni_waschmaschine2-1.webp\" class=\"attachment-full size-full wp-image-1027\" alt=\"Yannik Zamboni sitzt auf der Miele Waschmaschine\" srcset=\"https:\/\/mielemc.ch\/wp-content\/uploads\/2024\/07\/Yannik_Zamboni_waschmaschine2-1.webp 1080w, https:\/\/mielemc.ch\/wp-content\/uploads\/2024\/07\/Yannik_Zamboni_waschmaschine2-1-533x800.webp 533w, https:\/\/mielemc.ch\/wp-content\/uploads\/2024\/07\/Yannik_Zamboni_waschmaschine2-1-768x1152.webp 768w, https:\/\/mielemc.ch\/wp-content\/uploads\/2024\/07\/Yannik_Zamboni_waschmaschine2-1-683x1024.webp 683w, https:\/\/mielemc.ch\/wp-content\/uploads\/2024\/07\/Yannik_Zamboni_waschmaschine2-1-1024x1536.webp 1024w, https:\/\/mielemc.ch\/wp-content\/uploads\/2024\/07\/Yannik_Zamboni_waschmaschine2-1-200x300.webp 200w\" sizes=\"(max-width: 1080px) 100vw, 1080px\" \/>\t\t\t\t\t\t\t\t\t\t\t\t\t<\/div>\n\t\t\t\t<\/div>\n\t\t\t\t<\/div>\n\t\t<div class=\"elementor-element elementor-element-37d61883 e-con-full e-flex e-con e-child\" data-id=\"37d61883\" data-element_type=\"container\" data-settings=\"{&quot;motion_fx_motion_fx_scrolling&quot;:&quot;yes&quot;,&quot;motion_fx_translateX_effect&quot;:&quot;yes&quot;,&quot;motion_fx_translateX_speed&quot;:{&quot;unit&quot;:&quot;px&quot;,&quot;size&quot;:2,&quot;sizes&quot;:[]},&quot;motion_fx_translateX_affectedRange&quot;:{&quot;unit&quot;:&quot;%&quot;,&quot;size&quot;:&quot;&quot;,&quot;sizes&quot;:{&quot;start&quot;:0,&quot;end&quot;:50}},&quot;motion_fx_devices&quot;:[&quot;desktop&quot;,&quot;tablet&quot;]}\">\n\t\t\t\t<div class=\"elementor-element elementor-element-63b33ecc elementor-widget elementor-widget-heading\" data-id=\"63b33ecc\" data-element_type=\"widget\" data-widget_type=\"heading.default\">\n\t\t\t\t<div class=\"elementor-widget-container\">\n\t\t\t<h3 class=\"elementor-heading-title elementor-size-default\">Designer<\/h3>\t\t<\/div>\n\t\t\t\t<\/div>\n\t\t\t\t<div class=\"elementor-element elementor-element-668feaff elementor-widget elementor-widget-heading\" data-id=\"668feaff\" data-element_type=\"widget\" data-widget_type=\"heading.default\">\n\t\t\t\t<div class=\"elementor-widget-container\">\n\t\t\t<h2 class=\"elementor-heading-title elementor-size-default\">Yannik Zamboni<\/h2>\t\t<\/div>\n\t\t\t\t<\/div>\n\t\t\t\t<div class=\"elementor-element elementor-element-3eb41f4a elementor-blockquote--skin-quotation elementor-blockquote--button-color-official elementor-widget elementor-widget-blockquote\" data-id=\"3eb41f4a\" data-element_type=\"widget\" data-widget_type=\"blockquote.default\">\n\t\t\t\t<div class=\"elementor-widget-container\">\n\t\t\t\t\t<blockquote class=\"elementor-blockquote\">\n\t\t\t<p class=\"elementor-blockquote__content\">\n\t\t\t\tDichiarazione del designer sulla collezione\t\t\t<\/p>\n\t\t\t\t\t<\/blockquote>\n\t\t\t\t<\/div>\n\t\t\t\t<\/div>\n\t\t\t\t<\/div>\n\t\t\t\t\t<\/div>\n\t\t\t\t<\/div>\n\t\t\t\t<\/div>\n\t\t","protected":false},"excerpt":{"rendered":"<p>Designer Yannik Zamboni Per me e il mio team, ricevere il Miele x Mode Suisse Award for Positive Impact \u00e8 un grande onore. Questo premio \u00e8 molto importante per me perch\u00e9, oltre al design, riconosce anche e soprattutto l\u2019impegno e gli sforzi mirati a una creazione sostenibile, rafforzandone il senso. maison blanche Come pionieri, stiamo [&hellip;]<\/p>\n","protected":false},"author":1,"featured_media":0,"parent":0,"menu_order":0,"comment_status":"closed","ping_status":"closed","template":"","meta":{"footnotes":""},"class_list":["post-1424","page","type-page","status-publish","hentry"],"yoast_head":"<!-- This site is optimized with the Yoast SEO plugin v23.6 - https:\/\/yoast.com\/wordpress\/plugins\/seo\/ -->\n<title>Yannik Zamboni - Miele X MasterChef Schweiz<\/title>\n<meta name=\"description\" content=\"Yannik Zamboni spiega il significato del premio Miele x Mode Suisse per la moda sostenibile e il suo coinvolgimento con il marchio maison blanche.\" \/>\n<meta name=\"robots\" content=\"index, follow, max-snippet:-1, max-image-preview:large, max-video-preview:-1\" \/>\n<link rel=\"canonical\" href=\"https:\/\/mielemc.ch\/it\/yannik-zamboni\/\" \/>\n<meta property=\"og:locale\" content=\"it_IT\" \/>\n<meta property=\"og:type\" content=\"article\" \/>\n<meta property=\"og:title\" content=\"Yannik Zamboni - Miele X MasterChef Schweiz\" \/>\n<meta property=\"og:description\" content=\"Yannik Zamboni spiega il significato del premio Miele x Mode Suisse per la moda sostenibile e il suo coinvolgimento con il marchio maison blanche.\" \/>\n<meta property=\"og:url\" content=\"https:\/\/mielemc.ch\/it\/yannik-zamboni\/\" \/>\n<meta property=\"og:site_name\" content=\"Miele X MasterChef Schweiz\" \/>\n<meta property=\"article:modified_time\" content=\"2024-08-26T08:08:37+00:00\" \/>\n<meta property=\"og:image\" content=\"https:\/\/mielemc.ch\/wp-content\/uploads\/2024\/07\/Yannik_Zamboni_waschmaschine-1080-1.webp\" \/>\n<meta name=\"twitter:card\" content=\"summary_large_image\" \/>\n<meta name=\"twitter:label1\" content=\"Tempo di lettura stimato\" \/>\n\t<meta name=\"twitter:data1\" content=\"1 minuto\" \/>\n<script type=\"application\/ld+json\" class=\"yoast-schema-graph\">{\"@context\":\"https:\/\/schema.org\",\"@graph\":[{\"@type\":\"WebPage\",\"@id\":\"https:\/\/mielemc.ch\/it\/yannik-zamboni\/\",\"url\":\"https:\/\/mielemc.ch\/it\/yannik-zamboni\/\",\"name\":\"Yannik Zamboni - Miele X MasterChef Schweiz\",\"isPartOf\":{\"@id\":\"https:\/\/mielemc.ch\/it\/#website\"},\"primaryImageOfPage\":{\"@id\":\"https:\/\/mielemc.ch\/it\/yannik-zamboni\/#primaryimage\"},\"image\":{\"@id\":\"https:\/\/mielemc.ch\/it\/yannik-zamboni\/#primaryimage\"},\"thumbnailUrl\":\"https:\/\/mielemc.ch\/wp-content\/uploads\/2024\/07\/Yannik_Zamboni_waschmaschine-1080-1.webp\",\"datePublished\":\"2024-07-29T09:43:29+00:00\",\"dateModified\":\"2024-08-26T08:08:37+00:00\",\"description\":\"Yannik Zamboni spiega il significato del premio Miele x Mode Suisse per la moda sostenibile e il suo coinvolgimento con il marchio maison blanche.\",\"breadcrumb\":{\"@id\":\"https:\/\/mielemc.ch\/it\/yannik-zamboni\/#breadcrumb\"},\"inLanguage\":\"it-IT\",\"potentialAction\":[{\"@type\":\"ReadAction\",\"target\":[\"https:\/\/mielemc.ch\/it\/yannik-zamboni\/\"]}]},{\"@type\":\"ImageObject\",\"inLanguage\":\"it-IT\",\"@id\":\"https:\/\/mielemc.ch\/it\/yannik-zamboni\/#primaryimage\",\"url\":\"https:\/\/mielemc.ch\/wp-content\/uploads\/2024\/07\/Yannik_Zamboni_waschmaschine-1080-1.webp\",\"contentUrl\":\"https:\/\/mielemc.ch\/wp-content\/uploads\/2024\/07\/Yannik_Zamboni_waschmaschine-1080-1.webp\"},{\"@type\":\"BreadcrumbList\",\"@id\":\"https:\/\/mielemc.ch\/it\/yannik-zamboni\/#breadcrumb\",\"itemListElement\":[{\"@type\":\"ListItem\",\"position\":1,\"name\":\"Startseite\",\"item\":\"https:\/\/mielemc.ch\/it\/mielemc\/\"},{\"@type\":\"ListItem\",\"position\":2,\"name\":\"Yannik Zamboni\"}]},{\"@type\":\"WebSite\",\"@id\":\"https:\/\/mielemc.ch\/it\/#website\",\"url\":\"https:\/\/mielemc.ch\/it\/\",\"name\":\"Miele X MasterChef Schweiz\",\"description\":\"\",\"publisher\":{\"@id\":\"https:\/\/mielemc.ch\/it\/#organization\"},\"potentialAction\":[{\"@type\":\"SearchAction\",\"target\":{\"@type\":\"EntryPoint\",\"urlTemplate\":\"https:\/\/mielemc.ch\/it\/?s={search_term_string}\"},\"query-input\":{\"@type\":\"PropertyValueSpecification\",\"valueRequired\":true,\"valueName\":\"search_term_string\"}}],\"inLanguage\":\"it-IT\"},{\"@type\":\"Organization\",\"@id\":\"https:\/\/mielemc.ch\/it\/#organization\",\"name\":\"Miele X MasterChef Schweiz\",\"url\":\"https:\/\/mielemc.ch\/it\/\",\"logo\":{\"@type\":\"ImageObject\",\"inLanguage\":\"it-IT\",\"@id\":\"https:\/\/mielemc.ch\/it\/#\/schema\/logo\/image\/\",\"url\":\"https:\/\/mielemc.ch\/wp-content\/uploads\/2023\/10\/Miele_Logo_Red_sRGB.webp\",\"contentUrl\":\"https:\/\/mielemc.ch\/wp-content\/uploads\/2023\/10\/Miele_Logo_Red_sRGB.webp\",\"width\":1920,\"height\":735,\"caption\":\"Miele X MasterChef Schweiz\"},\"image\":{\"@id\":\"https:\/\/mielemc.ch\/it\/#\/schema\/logo\/image\/\"}}]}<\/script>\n<!-- \/ Yoast SEO plugin. -->","yoast_head_json":{"title":"Yannik Zamboni - Miele X MasterChef Schweiz","description":"Yannik Zamboni spiega il significato del premio Miele x Mode Suisse per la moda sostenibile e il suo coinvolgimento con il marchio maison blanche.","robots":{"index":"index","follow":"follow","max-snippet":"max-snippet:-1","max-image-preview":"max-image-preview:large","max-video-preview":"max-video-preview:-1"},"canonical":"https:\/\/mielemc.ch\/it\/yannik-zamboni\/","og_locale":"it_IT","og_type":"article","og_title":"Yannik Zamboni - Miele X MasterChef Schweiz","og_description":"Yannik Zamboni spiega il significato del premio Miele x Mode Suisse per la moda sostenibile e il suo coinvolgimento con il marchio maison blanche.","og_url":"https:\/\/mielemc.ch\/it\/yannik-zamboni\/","og_site_name":"Miele X MasterChef Schweiz","article_modified_time":"2024-08-26T08:08:37+00:00","og_image":[{"url":"https:\/\/mielemc.ch\/wp-content\/uploads\/2024\/07\/Yannik_Zamboni_waschmaschine-1080-1.webp"}],"twitter_card":"summary_large_image","twitter_misc":{"Tempo di lettura stimato":"1 minuto"},"schema":{"@context":"https:\/\/schema.org","@graph":[{"@type":"WebPage","@id":"https:\/\/mielemc.ch\/it\/yannik-zamboni\/","url":"https:\/\/mielemc.ch\/it\/yannik-zamboni\/","name":"Yannik Zamboni - Miele X MasterChef Schweiz","isPartOf":{"@id":"https:\/\/mielemc.ch\/it\/#website"},"primaryImageOfPage":{"@id":"https:\/\/mielemc.ch\/it\/yannik-zamboni\/#primaryimage"},"image":{"@id":"https:\/\/mielemc.ch\/it\/yannik-zamboni\/#primaryimage"},"thumbnailUrl":"https:\/\/mielemc.ch\/wp-content\/uploads\/2024\/07\/Yannik_Zamboni_waschmaschine-1080-1.webp","datePublished":"2024-07-29T09:43:29+00:00","dateModified":"2024-08-26T08:08:37+00:00","description":"Yannik Zamboni spiega il significato del premio Miele x Mode Suisse per la moda sostenibile e il suo coinvolgimento con il marchio maison blanche.","breadcrumb":{"@id":"https:\/\/mielemc.ch\/it\/yannik-zamboni\/#breadcrumb"},"inLanguage":"it-IT","potentialAction":[{"@type":"ReadAction","target":["https:\/\/mielemc.ch\/it\/yannik-zamboni\/"]}]},{"@type":"ImageObject","inLanguage":"it-IT","@id":"https:\/\/mielemc.ch\/it\/yannik-zamboni\/#primaryimage","url":"https:\/\/mielemc.ch\/wp-content\/uploads\/2024\/07\/Yannik_Zamboni_waschmaschine-1080-1.webp","contentUrl":"https:\/\/mielemc.ch\/wp-content\/uploads\/2024\/07\/Yannik_Zamboni_waschmaschine-1080-1.webp"},{"@type":"BreadcrumbList","@id":"https:\/\/mielemc.ch\/it\/yannik-zamboni\/#breadcrumb","itemListElement":[{"@type":"ListItem","position":1,"name":"Startseite","item":"https:\/\/mielemc.ch\/it\/mielemc\/"},{"@type":"ListItem","position":2,"name":"Yannik Zamboni"}]},{"@type":"WebSite","@id":"https:\/\/mielemc.ch\/it\/#website","url":"https:\/\/mielemc.ch\/it\/","name":"Miele X MasterChef Schweiz","description":"","publisher":{"@id":"https:\/\/mielemc.ch\/it\/#organization"},"potentialAction":[{"@type":"SearchAction","target":{"@type":"EntryPoint","urlTemplate":"https:\/\/mielemc.ch\/it\/?s={search_term_string}"},"query-input":{"@type":"PropertyValueSpecification","valueRequired":true,"valueName":"search_term_string"}}],"inLanguage":"it-IT"},{"@type":"Organization","@id":"https:\/\/mielemc.ch\/it\/#organization","name":"Miele X MasterChef Schweiz","url":"https:\/\/mielemc.ch\/it\/","logo":{"@type":"ImageObject","inLanguage":"it-IT","@id":"https:\/\/mielemc.ch\/it\/#\/schema\/logo\/image\/","url":"https:\/\/mielemc.ch\/wp-content\/uploads\/2023\/10\/Miele_Logo_Red_sRGB.webp","contentUrl":"https:\/\/mielemc.ch\/wp-content\/uploads\/2023\/10\/Miele_Logo_Red_sRGB.webp","width":1920,"height":735,"caption":"Miele X MasterChef Schweiz"},"image":{"@id":"https:\/\/mielemc.ch\/it\/#\/schema\/logo\/image\/"}}]}},"_links":{"self":[{"href":"https:\/\/mielemc.ch\/it\/wp-json\/wp\/v2\/pages\/1424"}],"collection":[{"href":"https:\/\/mielemc.ch\/it\/wp-json\/wp\/v2\/pages"}],"about":[{"href":"https:\/\/mielemc.ch\/it\/wp-json\/wp\/v2\/types\/page"}],"author":[{"embeddable":true,"href":"https:\/\/mielemc.ch\/it\/wp-json\/wp\/v2\/users\/1"}],"replies":[{"embeddable":true,"href":"https:\/\/mielemc.ch\/it\/wp-json\/wp\/v2\/comments?post=1424"}],"version-history":[{"count":1,"href":"https:\/\/mielemc.ch\/it\/wp-json\/wp\/v2\/pages\/1424\/revisions"}],"predecessor-version":[{"id":1427,"href":"https:\/\/mielemc.ch\/it\/wp-json\/wp\/v2\/pages\/1424\/revisions\/1427"}],"wp:attachment":[{"href":"https:\/\/mielemc.ch\/it\/wp-json\/wp\/v2\/media?parent=1424"}],"curies":[{"name":"wp","href":"https:\/\/api.w.org\/{rel}","templated":true}]}}