{"id":1858,"date":"2024-10-01T14:12:43","date_gmt":"2024-10-01T14:12:43","guid":{"rendered":"https:\/\/mielesustainablefashion.ch\/condizioni-di-utilizzo\/"},"modified":"2024-10-01T14:45:24","modified_gmt":"2024-10-01T14:45:24","slug":"condizioni-di-utilizzo","status":"publish","type":"page","link":"https:\/\/mielemc.ch\/it\/condizioni-di-utilizzo\/","title":{"rendered":"Condizioni di utilizzo"},"content":{"rendered":"\t\t<div data-elementor-type=\"wp-page\" data-elementor-id=\"1858\" class=\"elementor elementor-1858 elementor-1849\" data-elementor-post-type=\"page\">\n\t\t\t\t<div class=\"elementor-element elementor-element-335058d e-flex e-con-boxed e-con e-parent\" data-id=\"335058d\" data-element_type=\"container\">\n\t\t\t\t\t<div class=\"e-con-inner\">\n\t\t\t\t<div class=\"elementor-element elementor-element-eeb62da elementor-widget elementor-widget-text-editor\" data-id=\"eeb62da\" data-element_type=\"widget\" data-widget_type=\"text-editor.default\">\n\t\t\t\t<div class=\"elementor-widget-container\">\n\t\t\t\t\t\t\t<p class=\"p1\" style=\"text-align: left;\"><b>Download Miele<\/b><\/p><p class=\"p1\" style=\"text-align: left;\">1. Il presente accordo regola il download e l&#8217;utilizzo del software e delle informazioni messi a disposizione da parte di Miele. Con il download, l&#8217;utente dichiara il suo consenso al presente accordo.<\/p><p class=\"p1\" style=\"text-align: left;\">2. I download sono in genere disponibili 24 ore al giorno, sette giorni alla settimana. Miele non ne garantisce tuttavia una disponibilit\u00e0 ininterrotta a causa della natura di Internet e delle caratteristiche intrinseche dei sistemi informatici.<\/p><p class=\"p1\" style=\"text-align: left;\">3. I download sono aggiornati in modo standard. Miele si riserva il diritto di poter modificare in ogni momento le informazioni e il software, in particolare per un loro ulteriore sviluppo a fini tecnici o commerciali o a seguito di mutate condizioni, anche di natura economica di prezzo, senza necessit\u00e0 di preavviso o altro ragguaglio in tal senso.<\/p><p>\u00a0<\/p><p class=\"p1\" style=\"text-align: left;\"><b>Diritti e doveri di utilizzo<\/b><\/p><p class=\"p1\" style=\"text-align: left;\">1. I contenuti sono tutelati giuridicamente a favore di Miele o di parti terze, in particolare sotto il profilo dei diritti d&#8217;autore. L&#8217;utilizzo, soprattutto la duplicazione, la diffusione, la presentazione, la rappresentazione, l&#8217;invio, la messa a disposizione e ogni altro tipo di riproduzione, nonch\u00e9 eventuali modifiche e riorganizzazioni sono ammissibili solo a fronte di esplicito consenso scritto da parte di Miele o altri titolari dei diritti in questione.<\/p><p class=\"p1\" style=\"text-align: left;\">2. Il software Miele non pu\u00f2 essere copiato, rivenduto, dato in prestito e ceduto a terzi non autorizzati. Il software Miele contiene segreti commerciali. Per questo motivo il software non pu\u00f2 essere soggetto a ingegneria inversa, non pu\u00f2 essere decompilato, scomposto o manipolato in altra forma utilizzabile.<\/p><p class=\"p1\" style=\"text-align: left;\">3. Le limitazioni al diritto d&#8217;uso previste ai paragrafi precedenti non ostano alla normativa sui diritti d&#8217;autore, qualora quest&#8217;ultima sancisca che un utilizzo alle condizioni stabilite non richiede in via eccezionale alcun tipo di consenso.<\/p><p class=\"p1\" style=\"text-align: left;\">4. Miele concede all&#8217;utente il semplice diritto, revocabile in ogni momento, non esclusivo e non trasferibile per l&#8217;utilizzo dei download a sostegno della gestione aziendale all&#8217;interno di accordi commerciali in essere con Miele. Eventuali diritti d&#8217;autore e disposizioni simili sono da adottare immutati.<\/p><p class=\"p1\" style=\"text-align: left;\">5. Sono autorizzate a partecipare le persone a partire dai 18 anni di et\u00e0 che hanno il loro domicilio legale in Svizzera. La partecipazione \u00e8 gratuita e non comporta alcun impegno. <br \/>Sono esclusi dalla partecipazione i collaboratori di Miele SA, nonch\u00e9 i loro parenti stretti. Inoltre non possono partecipare le associazioni per giochi a premi, i servizi automatizzati e altre entit\u00e0 professionali \/ commerciali.<\/p><p>\u00a0<\/p><p class=\"p1\" style=\"text-align: left;\"><b>Responsabilit\u00e0<\/b><\/p><p class=\"p1\" style=\"text-align: left;\">1. In virt\u00f9 del presente accordo, cos\u00ec come dei contenuti e dei download messi a disposizione non viene assunto o concesso alcun tipo di garanzia. Da essi non scaturisce altres\u00ec alcun diritto in tal senso.<\/p><p class=\"p1\" style=\"text-align: left;\">2. Si esclude in capo a Miele ogni responsabilit\u00e0 per la correttezza, la completezza, la qualit\u00e0 e l&#8217;affidabilit\u00e0 delle informazioni, cos\u00ec come per i risultati che si possono raggiungere attraverso l&#8217;utilizzo di tali informazioni. Miele non risponde di qualsivoglia danno consequenziale derivante dall&#8217;utilizzo dei download come ad es. l&#8217;interruzione del servizio, il mancato guadagno, la perdita di dati e di informazioni. Decisioni sull&#8217;uso del software messo a disposizione tramite download da Miele devono essere prese dall&#8217;utente solo previo accordo con Miele.<\/p><p class=\"p1\" style=\"text-align: left;\">3. Miele non risponde di danni arrecati all&#8217;utente, di qualsivoglia natura giuridica, derivanti dall&#8217;uso, dall&#8217;impossibilit\u00e0 d&#8217;uso, da eventuali errori di hardware o software o da impostazioni di sistema sbagliate. L&#8217;utilizzo dei download avviene a proprio rischio e pericolo. Miele non si assume alcuna responsabilit\u00e0 per il software e le informazioni, in particolare in merito alla loro utilizzabilit\u00e0, correttezza, completezza e assenza di virus.<\/p><p class=\"p1\" style=\"text-align: left;\">4. La responsabilit\u00e0 di Miele \u00e8 inoltre esclusa per danni causati da virus, cavalli di Troia, virus hoax o programmazioni simili, cos\u00ec come per programmi, parti di programma o codici scaturiti da una tale compromissione, distruzione o soppressione dei sistemi o parte degli stessi. L&#8217;utente adotter\u00e0 autonomamente misure di protezione nei confronti di virus e altri dati distruttivi.<\/p><p class=\"p1\" style=\"text-align: left;\">5. Si esclude la responsabilit\u00e0 di Miele per una trasmissione difettosa dei dati inviatile, la manipolazione degli stessi da parte di terzi, in particolare tramite accesso non autorizzato alla rete e ai sistemi di Miele, salvo che tali accessi non siano da ricondurre a Miele stessa<\/p><p class=\"p1\" style=\"text-align: left;\">6. Non si esclude la responsabilit\u00e0, della quale si risponde in maniera imperativa, ad es. per dolo e colpa grave, in caso di garanzie di qualit\u00e0 o a causa di violazione di obblighi contrattuali sostanziali, di mancata tutela della vita, del corpo o della salute, nonch\u00e9 la responsabilit\u00e0 derivante dalla legge sulla responsabilit\u00e0 per danno da prodotti. Il risarcimento del danno a causa della violazione di obblighi contrattuali sostanziali \u00e8 tuttavia limitato ai danni contrattuali tipici, ai danni prevedibili, esclusi il dolo o la colpa grave. Non vi \u00e8 associata un&#8217;inversione dell&#8217;onere della prova a danno dell&#8217;utente.<\/p><p>\u00a0<\/p><p class=\"p1\" style=\"text-align: left;\"><b>Visualizzazione dei file pdf<\/b><\/p><p class=\"p1\" style=\"text-align: left;\">Per visualizzare i file PDF, \u00e8 necessario Adobe Acrobat Reader.<\/p>\t\t\t\t\t\t<\/div>\n\t\t\t\t<\/div>\n\t\t\t\t\t<\/div>\n\t\t\t\t<\/div>\n\t\t\t\t<\/div>\n\t\t","protected":false},"excerpt":{"rendered":"<p>Download Miele 1. Il presente accordo regola il download e l&#8217;utilizzo del software e delle informazioni messi a disposizione da parte di Miele. Con il download, l&#8217;utente dichiara il suo consenso al presente accordo. 2. I download sono in genere disponibili 24 ore al giorno, sette giorni alla settimana. Miele non ne garantisce tuttavia una [&hellip;]<\/p>\n","protected":false},"author":1,"featured_media":0,"parent":0,"menu_order":0,"comment_status":"closed","ping_status":"closed","template":"","meta":{"footnotes":""},"class_list":["post-1858","page","type-page","status-publish","hentry"],"yoast_head":"<!-- This site is optimized with the Yoast SEO plugin v23.6 - https:\/\/yoast.com\/wordpress\/plugins\/seo\/ -->\n<title>Condizioni di utilizzo - Miele X MasterChef Schweiz<\/title>\n<meta name=\"robots\" content=\"index, follow, max-snippet:-1, max-image-preview:large, max-video-preview:-1\" \/>\n<link rel=\"canonical\" href=\"https:\/\/mielemc.ch\/it\/condizioni-di-utilizzo\/\" \/>\n<meta property=\"og:locale\" content=\"it_IT\" \/>\n<meta property=\"og:type\" content=\"article\" \/>\n<meta property=\"og:title\" content=\"Condizioni di utilizzo - Miele X MasterChef Schweiz\" \/>\n<meta property=\"og:description\" content=\"Download Miele 1. Il presente accordo regola il download e l&#8217;utilizzo del software e delle informazioni messi a disposizione da parte di Miele. Con il download, l&#8217;utente dichiara il suo consenso al presente accordo. 2. I download sono in genere disponibili 24 ore al giorno, sette giorni alla settimana. Miele non ne garantisce tuttavia una [&hellip;]\" \/>\n<meta property=\"og:url\" content=\"https:\/\/mielemc.ch\/it\/condizioni-di-utilizzo\/\" \/>\n<meta property=\"og:site_name\" content=\"Miele X MasterChef Schweiz\" \/>\n<meta property=\"article:modified_time\" content=\"2024-10-01T14:45:24+00:00\" \/>\n<meta name=\"twitter:card\" content=\"summary_large_image\" \/>\n<meta name=\"twitter:label1\" content=\"Tempo di lettura stimato\" \/>\n\t<meta name=\"twitter:data1\" content=\"5 minuti\" \/>\n<script type=\"application\/ld+json\" class=\"yoast-schema-graph\">{\"@context\":\"https:\/\/schema.org\",\"@graph\":[{\"@type\":\"WebPage\",\"@id\":\"https:\/\/mielemc.ch\/it\/condizioni-di-utilizzo\/\",\"url\":\"https:\/\/mielemc.ch\/it\/condizioni-di-utilizzo\/\",\"name\":\"Condizioni di utilizzo - Miele X MasterChef Schweiz\",\"isPartOf\":{\"@id\":\"https:\/\/mielemc.ch\/it\/#website\"},\"datePublished\":\"2024-10-01T14:12:43+00:00\",\"dateModified\":\"2024-10-01T14:45:24+00:00\",\"breadcrumb\":{\"@id\":\"https:\/\/mielemc.ch\/it\/condizioni-di-utilizzo\/#breadcrumb\"},\"inLanguage\":\"it-IT\",\"potentialAction\":[{\"@type\":\"ReadAction\",\"target\":[\"https:\/\/mielemc.ch\/it\/condizioni-di-utilizzo\/\"]}]},{\"@type\":\"BreadcrumbList\",\"@id\":\"https:\/\/mielemc.ch\/it\/condizioni-di-utilizzo\/#breadcrumb\",\"itemListElement\":[{\"@type\":\"ListItem\",\"position\":1,\"name\":\"Startseite\",\"item\":\"https:\/\/mielemc.ch\/it\/mielemc\/\"},{\"@type\":\"ListItem\",\"position\":2,\"name\":\"Condizioni di utilizzo\"}]},{\"@type\":\"WebSite\",\"@id\":\"https:\/\/mielemc.ch\/it\/#website\",\"url\":\"https:\/\/mielemc.ch\/it\/\",\"name\":\"Miele X MasterChef Schweiz\",\"description\":\"\",\"publisher\":{\"@id\":\"https:\/\/mielemc.ch\/it\/#organization\"},\"potentialAction\":[{\"@type\":\"SearchAction\",\"target\":{\"@type\":\"EntryPoint\",\"urlTemplate\":\"https:\/\/mielemc.ch\/it\/?s={search_term_string}\"},\"query-input\":{\"@type\":\"PropertyValueSpecification\",\"valueRequired\":true,\"valueName\":\"search_term_string\"}}],\"inLanguage\":\"it-IT\"},{\"@type\":\"Organization\",\"@id\":\"https:\/\/mielemc.ch\/it\/#organization\",\"name\":\"Miele X MasterChef Schweiz\",\"url\":\"https:\/\/mielemc.ch\/it\/\",\"logo\":{\"@type\":\"ImageObject\",\"inLanguage\":\"it-IT\",\"@id\":\"https:\/\/mielemc.ch\/it\/#\/schema\/logo\/image\/\",\"url\":\"https:\/\/mielemc.ch\/wp-content\/uploads\/2023\/10\/Miele_Logo_Red_sRGB.webp\",\"contentUrl\":\"https:\/\/mielemc.ch\/wp-content\/uploads\/2023\/10\/Miele_Logo_Red_sRGB.webp\",\"width\":1920,\"height\":735,\"caption\":\"Miele X MasterChef Schweiz\"},\"image\":{\"@id\":\"https:\/\/mielemc.ch\/it\/#\/schema\/logo\/image\/\"}}]}<\/script>\n<!-- \/ Yoast SEO plugin. -->","yoast_head_json":{"title":"Condizioni di utilizzo - Miele X MasterChef Schweiz","robots":{"index":"index","follow":"follow","max-snippet":"max-snippet:-1","max-image-preview":"max-image-preview:large","max-video-preview":"max-video-preview:-1"},"canonical":"https:\/\/mielemc.ch\/it\/condizioni-di-utilizzo\/","og_locale":"it_IT","og_type":"article","og_title":"Condizioni di utilizzo - Miele X MasterChef Schweiz","og_description":"Download Miele 1. Il presente accordo regola il download e l&#8217;utilizzo del software e delle informazioni messi a disposizione da parte di Miele. Con il download, l&#8217;utente dichiara il suo consenso al presente accordo. 2. I download sono in genere disponibili 24 ore al giorno, sette giorni alla settimana. Miele non ne garantisce tuttavia una [&hellip;]","og_url":"https:\/\/mielemc.ch\/it\/condizioni-di-utilizzo\/","og_site_name":"Miele X MasterChef Schweiz","article_modified_time":"2024-10-01T14:45:24+00:00","twitter_card":"summary_large_image","twitter_misc":{"Tempo di lettura stimato":"5 minuti"},"schema":{"@context":"https:\/\/schema.org","@graph":[{"@type":"WebPage","@id":"https:\/\/mielemc.ch\/it\/condizioni-di-utilizzo\/","url":"https:\/\/mielemc.ch\/it\/condizioni-di-utilizzo\/","name":"Condizioni di utilizzo - Miele X MasterChef Schweiz","isPartOf":{"@id":"https:\/\/mielemc.ch\/it\/#website"},"datePublished":"2024-10-01T14:12:43+00:00","dateModified":"2024-10-01T14:45:24+00:00","breadcrumb":{"@id":"https:\/\/mielemc.ch\/it\/condizioni-di-utilizzo\/#breadcrumb"},"inLanguage":"it-IT","potentialAction":[{"@type":"ReadAction","target":["https:\/\/mielemc.ch\/it\/condizioni-di-utilizzo\/"]}]},{"@type":"BreadcrumbList","@id":"https:\/\/mielemc.ch\/it\/condizioni-di-utilizzo\/#breadcrumb","itemListElement":[{"@type":"ListItem","position":1,"name":"Startseite","item":"https:\/\/mielemc.ch\/it\/mielemc\/"},{"@type":"ListItem","position":2,"name":"Condizioni di utilizzo"}]},{"@type":"WebSite","@id":"https:\/\/mielemc.ch\/it\/#website","url":"https:\/\/mielemc.ch\/it\/","name":"Miele X MasterChef Schweiz","description":"","publisher":{"@id":"https:\/\/mielemc.ch\/it\/#organization"},"potentialAction":[{"@type":"SearchAction","target":{"@type":"EntryPoint","urlTemplate":"https:\/\/mielemc.ch\/it\/?s={search_term_string}"},"query-input":{"@type":"PropertyValueSpecification","valueRequired":true,"valueName":"search_term_string"}}],"inLanguage":"it-IT"},{"@type":"Organization","@id":"https:\/\/mielemc.ch\/it\/#organization","name":"Miele X MasterChef Schweiz","url":"https:\/\/mielemc.ch\/it\/","logo":{"@type":"ImageObject","inLanguage":"it-IT","@id":"https:\/\/mielemc.ch\/it\/#\/schema\/logo\/image\/","url":"https:\/\/mielemc.ch\/wp-content\/uploads\/2023\/10\/Miele_Logo_Red_sRGB.webp","contentUrl":"https:\/\/mielemc.ch\/wp-content\/uploads\/2023\/10\/Miele_Logo_Red_sRGB.webp","width":1920,"height":735,"caption":"Miele X MasterChef Schweiz"},"image":{"@id":"https:\/\/mielemc.ch\/it\/#\/schema\/logo\/image\/"}}]}},"_links":{"self":[{"href":"https:\/\/mielemc.ch\/it\/wp-json\/wp\/v2\/pages\/1858"}],"collection":[{"href":"https:\/\/mielemc.ch\/it\/wp-json\/wp\/v2\/pages"}],"about":[{"href":"https:\/\/mielemc.ch\/it\/wp-json\/wp\/v2\/types\/page"}],"author":[{"embeddable":true,"href":"https:\/\/mielemc.ch\/it\/wp-json\/wp\/v2\/users\/1"}],"replies":[{"embeddable":true,"href":"https:\/\/mielemc.ch\/it\/wp-json\/wp\/v2\/comments?post=1858"}],"version-history":[{"count":4,"href":"https:\/\/mielemc.ch\/it\/wp-json\/wp\/v2\/pages\/1858\/revisions"}],"predecessor-version":[{"id":1867,"href":"https:\/\/mielemc.ch\/it\/wp-json\/wp\/v2\/pages\/1858\/revisions\/1867"}],"wp:attachment":[{"href":"https:\/\/mielemc.ch\/it\/wp-json\/wp\/v2\/media?parent=1858"}],"curies":[{"name":"wp","href":"https:\/\/api.w.org\/{rel}","templated":true}]}}