{"id":2492,"date":"2024-10-21T05:42:12","date_gmt":"2024-10-21T05:42:12","guid":{"rendered":"https:\/\/2024.mielemc.ch\/nenad-mlinarevic\/"},"modified":"2024-11-15T10:49:25","modified_gmt":"2024-11-15T10:49:25","slug":"nenad-mlinarevic","status":"publish","type":"page","link":"https:\/\/mielemc.ch\/it\/nenad-mlinarevic\/","title":{"rendered":"Nenad Mlinarevic"},"content":{"rendered":"\t\t<div data-elementor-type=\"wp-page\" data-elementor-id=\"2492\" class=\"elementor elementor-2492 elementor-2055\" data-elementor-post-type=\"page\">\n\t\t\t\t<div class=\"elementor-element elementor-element-5e164dc e-flex e-con-boxed e-con e-parent\" data-id=\"5e164dc\" data-element_type=\"container\">\n\t\t\t\t\t<div class=\"e-con-inner\">\n\t\t\t\t\t<\/div>\n\t\t\t\t<\/div>\n\t\t<div class=\"elementor-element elementor-element-504c7078 e-con-full margin-right e-flex elementor-invisible e-con e-parent\" data-id=\"504c7078\" data-element_type=\"container\" data-settings=\"{&quot;animation&quot;:&quot;slideInUp&quot;}\">\n\t\t<div class=\"elementor-element elementor-element-4753b1db e-con-full e-flex e-con e-child\" data-id=\"4753b1db\" data-element_type=\"container\">\n\t\t\t\t<div class=\"elementor-element elementor-element-48884408 elementor-widget elementor-widget-image\" data-id=\"48884408\" data-element_type=\"widget\" data-widget_type=\"image.default\">\n\t\t\t\t<div class=\"elementor-widget-container\">\n\t\t\t\t\t\t\t\t\t\t\t\t\t<img loading=\"lazy\" decoding=\"async\" width=\"1920\" height=\"1281\" src=\"https:\/\/mielemc.ch\/wp-content\/uploads\/2024\/11\/7-nenad.jpg\" class=\"attachment-full size-full wp-image-2571\" alt=\"\" srcset=\"https:\/\/mielemc.ch\/wp-content\/uploads\/2024\/11\/7-nenad.jpg 1920w, https:\/\/mielemc.ch\/wp-content\/uploads\/2024\/11\/7-nenad-800x534.jpg 800w, https:\/\/mielemc.ch\/wp-content\/uploads\/2024\/11\/7-nenad-768x512.jpg 768w, https:\/\/mielemc.ch\/wp-content\/uploads\/2024\/11\/7-nenad-1024x683.jpg 1024w, https:\/\/mielemc.ch\/wp-content\/uploads\/2024\/11\/7-nenad-1536x1025.jpg 1536w, https:\/\/mielemc.ch\/wp-content\/uploads\/2024\/11\/7-nenad-300x200.jpg 300w\" sizes=\"(max-width: 1920px) 100vw, 1920px\" \/>\t\t\t\t\t\t\t\t\t\t\t\t\t<\/div>\n\t\t\t\t<\/div>\n\t\t\t\t<\/div>\n\t\t<div class=\"elementor-element elementor-element-be8260e e-con-full e-flex e-con e-child\" data-id=\"be8260e\" data-element_type=\"container\">\n\t\t\t\t<div class=\"elementor-element elementor-element-6c72b2c0 elementor-widget elementor-widget-heading\" data-id=\"6c72b2c0\" data-element_type=\"widget\" data-widget_type=\"heading.default\">\n\t\t\t\t<div class=\"elementor-widget-container\">\n\t\t\t<h2 class=\"elementor-heading-title elementor-size-default\">Nenad Mlinarevic\n<\/h2>\t\t<\/div>\n\t\t\t\t<\/div>\n\t\t\t\t<div class=\"elementor-element elementor-element-eae449d elementor-widget elementor-widget-text-editor\" data-id=\"eae449d\" data-element_type=\"widget\" data-widget_type=\"text-editor.default\">\n\t\t\t\t<div class=\"elementor-widget-container\">\n\t\t\t\t\t\t\t<p>La versatilit\u00e0, la ricerca della perfezione e l\u2019enorme dedizione al mestiere sono caratteristiche intrinseche dello chef d\u2019\u00e9lite svizzero Nenad Mlinarevic. Lo zurighese \u00e8 stato \u201cChef dell\u2019anno\u201d, ha gestito pop-up che sono diventati eventi eccezionali e ora dirige alcuni dei ristoranti pi\u00f9 popolari della gastronomia moderna a Zurigo.  Per molti anni, Miele \u00e8 stato il partner affidabile di Nenad in cucina, nei suoi ristoranti e nel suo studio creativo.<\/p>\n\t\t\t\t\t\t<\/div>\n\t\t\t\t<\/div>\n\t\t\t\t<\/div>\n\t\t\t\t<\/div>\n\t\t<div class=\"elementor-element elementor-element-52ecdf56 e-flex e-con-boxed elementor-invisible e-con e-parent\" data-id=\"52ecdf56\" data-element_type=\"container\" data-settings=\"{&quot;animation&quot;:&quot;slideInUp&quot;}\">\n\t\t\t\t\t<div class=\"e-con-inner\">\n\t\t<div class=\"elementor-element elementor-element-5958fff5 e-con-full e-flex e-con e-child\" data-id=\"5958fff5\" data-element_type=\"container\" data-settings=\"{&quot;motion_fx_motion_fx_scrolling&quot;:&quot;yes&quot;,&quot;motion_fx_translateX_effect&quot;:&quot;yes&quot;,&quot;motion_fx_translateX_direction&quot;:&quot;negative&quot;,&quot;motion_fx_translateX_speed&quot;:{&quot;unit&quot;:&quot;px&quot;,&quot;size&quot;:2,&quot;sizes&quot;:[]},&quot;motion_fx_translateX_affectedRange&quot;:{&quot;unit&quot;:&quot;%&quot;,&quot;size&quot;:&quot;&quot;,&quot;sizes&quot;:{&quot;start&quot;:0,&quot;end&quot;:50}},&quot;motion_fx_motion_fx_mouse&quot;:&quot;yes&quot;,&quot;motion_fx_devices&quot;:[&quot;desktop&quot;,&quot;tablet&quot;,&quot;mobile&quot;]}\">\n\t\t\t\t<div class=\"elementor-element elementor-element-f67832c elementor-widget elementor-widget-heading\" data-id=\"f67832c\" data-element_type=\"widget\" data-widget_type=\"heading.default\">\n\t\t\t\t<div class=\"elementor-widget-container\">\n\t\t\t<h2 class=\"elementor-heading-title elementor-size-default\">Nenad Mlinarevic\n<\/h2>\t\t<\/div>\n\t\t\t\t<\/div>\n\t\t\t\t<div class=\"elementor-element elementor-element-2f491b92 elementor-blockquote--skin-quotation elementor-blockquote--button-color-official elementor-widget elementor-widget-blockquote\" data-id=\"2f491b92\" data-element_type=\"widget\" data-widget_type=\"blockquote.default\">\n\t\t\t\t<div class=\"elementor-widget-container\">\n\t\t\t\t\t<blockquote class=\"elementor-blockquote\">\n\t\t\t<p class=\"elementor-blockquote__content\">\n\t\t\t\tLa cuisine, c\u2019est la cr\u00e9ativit\u00e9 plus la passion, et le r\u00e9sultat devrait toujours \u00eatre le meilleur go\u00fbt possible.\t\t\t<\/p>\n\t\t\t\t\t<\/blockquote>\n\t\t\t\t<\/div>\n\t\t\t\t<\/div>\n\t\t\t\t<\/div>\n\t\t<div class=\"elementor-element elementor-element-3f98ebe e-con-full e-flex e-con e-child\" data-id=\"3f98ebe\" data-element_type=\"container\" data-settings=\"{&quot;motion_fx_motion_fx_scrolling&quot;:&quot;yes&quot;,&quot;motion_fx_translateX_effect&quot;:&quot;yes&quot;,&quot;motion_fx_translateX_speed&quot;:{&quot;unit&quot;:&quot;px&quot;,&quot;size&quot;:2,&quot;sizes&quot;:[]},&quot;motion_fx_translateX_affectedRange&quot;:{&quot;unit&quot;:&quot;%&quot;,&quot;size&quot;:&quot;&quot;,&quot;sizes&quot;:{&quot;start&quot;:0,&quot;end&quot;:50}},&quot;motion_fx_devices&quot;:[&quot;desktop&quot;,&quot;tablet&quot;]}\">\n\t\t\t\t<div class=\"elementor-element elementor-element-e7ffec8 elementor-widget elementor-widget-image\" data-id=\"e7ffec8\" data-element_type=\"widget\" data-widget_type=\"image.default\">\n\t\t\t\t<div class=\"elementor-widget-container\">\n\t\t\t\t\t\t\t\t\t\t\t\t\t<img loading=\"lazy\" decoding=\"async\" width=\"1281\" height=\"1920\" src=\"https:\/\/mielemc.ch\/wp-content\/uploads\/2024\/11\/8-nenad.jpg\" class=\"attachment-full size-full wp-image-2575\" alt=\"\" srcset=\"https:\/\/mielemc.ch\/wp-content\/uploads\/2024\/11\/8-nenad.jpg 1281w, https:\/\/mielemc.ch\/wp-content\/uploads\/2024\/11\/8-nenad-534x800.jpg 534w, https:\/\/mielemc.ch\/wp-content\/uploads\/2024\/11\/8-nenad-768x1151.jpg 768w, https:\/\/mielemc.ch\/wp-content\/uploads\/2024\/11\/8-nenad-683x1024.jpg 683w, https:\/\/mielemc.ch\/wp-content\/uploads\/2024\/11\/8-nenad-1025x1536.jpg 1025w, https:\/\/mielemc.ch\/wp-content\/uploads\/2024\/11\/8-nenad-200x300.jpg 200w\" sizes=\"(max-width: 1281px) 100vw, 1281px\" \/>\t\t\t\t\t\t\t\t\t\t\t\t\t<\/div>\n\t\t\t\t<\/div>\n\t\t\t\t<\/div>\n\t\t\t\t\t<\/div>\n\t\t\t\t<\/div>\n\t\t<div class=\"elementor-element elementor-element-3c7b7d9a e-con-full margin-right e-flex elementor-invisible e-con e-parent\" data-id=\"3c7b7d9a\" data-element_type=\"container\" data-settings=\"{&quot;animation&quot;:&quot;slideInUp&quot;}\">\n\t\t<div class=\"elementor-element elementor-element-715cbf8e e-con-full e-flex e-con e-child\" data-id=\"715cbf8e\" data-element_type=\"container\" data-settings=\"{&quot;motion_fx_motion_fx_scrolling&quot;:&quot;yes&quot;,&quot;motion_fx_translateX_effect&quot;:&quot;yes&quot;,&quot;motion_fx_translateX_direction&quot;:&quot;negative&quot;,&quot;motion_fx_translateX_speed&quot;:{&quot;unit&quot;:&quot;px&quot;,&quot;size&quot;:2,&quot;sizes&quot;:[]},&quot;motion_fx_translateX_affectedRange&quot;:{&quot;unit&quot;:&quot;%&quot;,&quot;size&quot;:&quot;&quot;,&quot;sizes&quot;:{&quot;start&quot;:0,&quot;end&quot;:50}},&quot;motion_fx_devices&quot;:[&quot;desktop&quot;,&quot;tablet&quot;,&quot;mobile&quot;]}\">\n\t\t\t\t<div class=\"elementor-element elementor-element-5329fe54 elementor-widget elementor-widget-image\" data-id=\"5329fe54\" data-element_type=\"widget\" data-widget_type=\"image.default\">\n\t\t\t\t<div class=\"elementor-widget-container\">\n\t\t\t\t\t\t\t\t\t\t\t\t\t<img loading=\"lazy\" decoding=\"async\" width=\"1920\" height=\"1281\" src=\"https:\/\/mielemc.ch\/wp-content\/uploads\/2024\/11\/9-nenad.jpg\" class=\"attachment-full size-full wp-image-2579\" alt=\"\" srcset=\"https:\/\/mielemc.ch\/wp-content\/uploads\/2024\/11\/9-nenad.jpg 1920w, https:\/\/mielemc.ch\/wp-content\/uploads\/2024\/11\/9-nenad-800x534.jpg 800w, https:\/\/mielemc.ch\/wp-content\/uploads\/2024\/11\/9-nenad-768x512.jpg 768w, https:\/\/mielemc.ch\/wp-content\/uploads\/2024\/11\/9-nenad-1024x683.jpg 1024w, https:\/\/mielemc.ch\/wp-content\/uploads\/2024\/11\/9-nenad-1536x1025.jpg 1536w, https:\/\/mielemc.ch\/wp-content\/uploads\/2024\/11\/9-nenad-300x200.jpg 300w\" sizes=\"(max-width: 1920px) 100vw, 1920px\" \/>\t\t\t\t\t\t\t\t\t\t\t\t\t<\/div>\n\t\t\t\t<\/div>\n\t\t\t\t<\/div>\n\t\t<div class=\"elementor-element elementor-element-6422bc08 e-con-full e-flex e-con e-child\" data-id=\"6422bc08\" data-element_type=\"container\" data-settings=\"{&quot;motion_fx_motion_fx_scrolling&quot;:&quot;yes&quot;,&quot;motion_fx_translateX_effect&quot;:&quot;yes&quot;,&quot;motion_fx_translateX_speed&quot;:{&quot;unit&quot;:&quot;px&quot;,&quot;size&quot;:2,&quot;sizes&quot;:[]},&quot;motion_fx_translateX_affectedRange&quot;:{&quot;unit&quot;:&quot;%&quot;,&quot;size&quot;:&quot;&quot;,&quot;sizes&quot;:{&quot;start&quot;:0,&quot;end&quot;:50}},&quot;motion_fx_devices&quot;:[&quot;desktop&quot;,&quot;tablet&quot;]}\">\n\t\t\t\t<div class=\"elementor-element elementor-element-469fcb52 elementor-widget elementor-widget-heading\" data-id=\"469fcb52\" data-element_type=\"widget\" data-widget_type=\"heading.default\">\n\t\t\t\t<div class=\"elementor-widget-container\">\n\t\t\t<h2 class=\"elementor-heading-title elementor-size-default\">La storia di Nenad\n<\/h2>\t\t<\/div>\n\t\t\t\t<\/div>\n\t\t\t\t<div class=\"elementor-element elementor-element-39c47b96 elementor-widget elementor-widget-text-editor\" data-id=\"39c47b96\" data-element_type=\"widget\" data-widget_type=\"text-editor.default\">\n\t\t\t\t<div class=\"elementor-widget-container\">\n\t\t\t\t\t\t\t<p>Nenad Mlinarevic lavora nella gastronomia di alto livello da pi\u00f9 di 20 anni e, in questo periodo, ha influenzato in modo duraturo l\u2019arte della cucina grazie alla sua passione senza compromessi. Come \u201cChef dell\u2019anno\u201d, \u00e8 stato il primo in Svizzera a lavorare esclusivamente con ingredienti locali ottenendo 2 stelle e 18 punti. Il ristorante pop-up \u201cStadthalle\u201d di Zurigo ha fatto parlare di s\u00e9, cos\u00ec come i due ristoranti nella citt\u00e0 vecchia \u201cBauernsch\u00e4nke\u201d (15 punti) e \u201cNeue Taverne\u201d (1 stella, 16 punti), dove Nenad e i suoi team propongono una cucina contemporanea a base di verdure e all\u2019insegna della condivisione. Con i suoi piatti vegetariani, il dinamico chef prospetta per la haute cuisine un avvenire in una nuova forma e con un\u2019atmosfera pi\u00f9 rilassata.   <\/p>\n\t\t\t\t\t\t<\/div>\n\t\t\t\t<\/div>\n\t\t\t\t<\/div>\n\t\t\t\t<\/div>\n\t\t<div class=\"elementor-element elementor-element-62639a55 e-con-full margin-left e-flex elementor-invisible e-con e-parent\" data-id=\"62639a55\" data-element_type=\"container\" data-settings=\"{&quot;animation&quot;:&quot;slideInUp&quot;}\">\n\t\t<div class=\"elementor-element elementor-element-1456341 e-con-full e-flex e-con e-child\" data-id=\"1456341\" data-element_type=\"container\" data-settings=\"{&quot;motion_fx_motion_fx_scrolling&quot;:&quot;yes&quot;,&quot;motion_fx_translateX_effect&quot;:&quot;yes&quot;,&quot;motion_fx_translateX_speed&quot;:{&quot;unit&quot;:&quot;px&quot;,&quot;size&quot;:2,&quot;sizes&quot;:[]},&quot;motion_fx_translateX_affectedRange&quot;:{&quot;unit&quot;:&quot;%&quot;,&quot;size&quot;:&quot;&quot;,&quot;sizes&quot;:{&quot;start&quot;:0,&quot;end&quot;:50}},&quot;motion_fx_translateX_direction&quot;:&quot;negative&quot;,&quot;motion_fx_devices&quot;:[&quot;desktop&quot;,&quot;tablet&quot;]}\">\n\t\t\t\t<div class=\"elementor-element elementor-element-463189bb elementor-widget elementor-widget-heading\" data-id=\"463189bb\" data-element_type=\"widget\" data-widget_type=\"heading.default\">\n\t\t\t\t<div class=\"elementor-widget-container\">\n\t\t\t<h2 class=\"elementor-heading-title elementor-size-default\">Visione pionieristica\n\n<\/h2>\t\t<\/div>\n\t\t\t\t<\/div>\n\t\t\t\t<div class=\"elementor-element elementor-element-211888d2 elementor-widget elementor-widget-text-editor\" data-id=\"211888d2\" data-element_type=\"widget\" data-widget_type=\"text-editor.default\">\n\t\t\t\t<div class=\"elementor-widget-container\">\n\t\t\t\t\t\t\t<p>Da molti anni, Miele \u00e8 partner affidabile di Nenad in cucina, nei suoi ristoranti e nel suo atelier creativo. Le aspettative di qualit\u00e0 dell\u2019imprenditore culinario e le possibilit\u00e0 offerte dalla gamma di prodotti Miele sono un connubio perfetto. \u201cHo scelto Miele perch\u00e9 qui ho trovato un partner all\u2019altezza con cui condivido la visione di ci\u00f2 che dovrebbe essere l\u2019innovazione e la perfezione a tutti i livelli della cucina\u201d, spiega Nenad Mlinarevic.  <\/p>\n\t\t\t\t\t\t<\/div>\n\t\t\t\t<\/div>\n\t\t\t\t<\/div>\n\t\t<div class=\"elementor-element elementor-element-7abfeb84 e-con-full e-flex e-con e-child\" data-id=\"7abfeb84\" data-element_type=\"container\" data-settings=\"{&quot;motion_fx_motion_fx_scrolling&quot;:&quot;yes&quot;,&quot;motion_fx_translateX_effect&quot;:&quot;yes&quot;,&quot;motion_fx_translateX_speed&quot;:{&quot;unit&quot;:&quot;px&quot;,&quot;size&quot;:2,&quot;sizes&quot;:[]},&quot;motion_fx_translateX_affectedRange&quot;:{&quot;unit&quot;:&quot;%&quot;,&quot;size&quot;:&quot;&quot;,&quot;sizes&quot;:{&quot;start&quot;:0,&quot;end&quot;:50}},&quot;motion_fx_devices&quot;:[&quot;desktop&quot;,&quot;tablet&quot;,&quot;mobile&quot;]}\">\n\t\t\t\t<div class=\"elementor-element elementor-element-3c1ac409 elementor-widget elementor-widget-image\" data-id=\"3c1ac409\" data-element_type=\"widget\" data-widget_type=\"image.default\">\n\t\t\t\t<div class=\"elementor-widget-container\">\n\t\t\t\t\t\t\t\t\t\t\t\t\t<img loading=\"lazy\" decoding=\"async\" width=\"1920\" height=\"1281\" src=\"https:\/\/mielemc.ch\/wp-content\/uploads\/2024\/11\/10-nenad.jpg\" class=\"attachment-full size-full wp-image-2583\" alt=\"\" srcset=\"https:\/\/mielemc.ch\/wp-content\/uploads\/2024\/11\/10-nenad.jpg 1920w, https:\/\/mielemc.ch\/wp-content\/uploads\/2024\/11\/10-nenad-800x534.jpg 800w, https:\/\/mielemc.ch\/wp-content\/uploads\/2024\/11\/10-nenad-768x512.jpg 768w, https:\/\/mielemc.ch\/wp-content\/uploads\/2024\/11\/10-nenad-1024x683.jpg 1024w, https:\/\/mielemc.ch\/wp-content\/uploads\/2024\/11\/10-nenad-1536x1025.jpg 1536w, https:\/\/mielemc.ch\/wp-content\/uploads\/2024\/11\/10-nenad-300x200.jpg 300w\" sizes=\"(max-width: 1920px) 100vw, 1920px\" \/>\t\t\t\t\t\t\t\t\t\t\t\t\t<\/div>\n\t\t\t\t<\/div>\n\t\t\t\t<\/div>\n\t\t\t\t<\/div>\n\t\t\t\t<\/div>\n\t\t","protected":false},"excerpt":{"rendered":"<p>Nenad Mlinarevic La versatilit\u00e0, la ricerca della perfezione e l\u2019enorme dedizione al mestiere sono caratteristiche intrinseche dello chef d\u2019\u00e9lite svizzero Nenad Mlinarevic. Lo zurighese \u00e8 stato \u201cChef dell\u2019anno\u201d, ha gestito pop-up che sono diventati eventi eccezionali e ora dirige alcuni dei ristoranti pi\u00f9 popolari della gastronomia moderna a Zurigo. Per molti anni, Miele \u00e8 stato [&hellip;]<\/p>\n","protected":false},"author":1,"featured_media":0,"parent":0,"menu_order":0,"comment_status":"closed","ping_status":"closed","template":"","meta":{"footnotes":""},"class_list":["post-2492","page","type-page","status-publish","hentry"],"yoast_head":"<!-- This site is optimized with the Yoast SEO plugin v23.6 - https:\/\/yoast.com\/wordpress\/plugins\/seo\/ -->\n<title>Nenad Mlinarevic - Miele X MasterChef Schweiz<\/title>\n<meta name=\"robots\" content=\"index, follow, max-snippet:-1, max-image-preview:large, max-video-preview:-1\" \/>\n<link rel=\"canonical\" href=\"https:\/\/mielemc.ch\/it\/nenad-mlinarevic\/\" \/>\n<meta property=\"og:locale\" content=\"it_IT\" \/>\n<meta property=\"og:type\" content=\"article\" \/>\n<meta property=\"og:title\" content=\"Nenad Mlinarevic - Miele X MasterChef Schweiz\" \/>\n<meta property=\"og:description\" content=\"Nenad Mlinarevic La versatilit\u00e0, la ricerca della perfezione e l\u2019enorme dedizione al mestiere sono caratteristiche intrinseche dello chef d\u2019\u00e9lite svizzero Nenad Mlinarevic. Lo zurighese \u00e8 stato \u201cChef dell\u2019anno\u201d, ha gestito pop-up che sono diventati eventi eccezionali e ora dirige alcuni dei ristoranti pi\u00f9 popolari della gastronomia moderna a Zurigo. Per molti anni, Miele \u00e8 stato [&hellip;]\" \/>\n<meta property=\"og:url\" content=\"https:\/\/mielemc.ch\/it\/nenad-mlinarevic\/\" \/>\n<meta property=\"og:site_name\" content=\"Miele X MasterChef Schweiz\" \/>\n<meta property=\"article:modified_time\" content=\"2024-11-15T10:49:25+00:00\" \/>\n<meta property=\"og:image\" content=\"https:\/\/mielemc.ch\/wp-content\/uploads\/2024\/11\/7-nenad.jpg\" \/>\n\t<meta property=\"og:image:width\" content=\"1920\" \/>\n\t<meta property=\"og:image:height\" content=\"1281\" \/>\n\t<meta property=\"og:image:type\" content=\"image\/jpeg\" \/>\n<meta name=\"twitter:card\" content=\"summary_large_image\" \/>\n<meta name=\"twitter:label1\" content=\"Tempo di lettura stimato\" \/>\n\t<meta name=\"twitter:data1\" content=\"1 minuto\" \/>\n<script type=\"application\/ld+json\" class=\"yoast-schema-graph\">{\"@context\":\"https:\/\/schema.org\",\"@graph\":[{\"@type\":\"WebPage\",\"@id\":\"https:\/\/mielemc.ch\/it\/nenad-mlinarevic\/\",\"url\":\"https:\/\/mielemc.ch\/it\/nenad-mlinarevic\/\",\"name\":\"Nenad Mlinarevic - Miele X MasterChef Schweiz\",\"isPartOf\":{\"@id\":\"https:\/\/mielemc.ch\/it\/#website\"},\"primaryImageOfPage\":{\"@id\":\"https:\/\/mielemc.ch\/it\/nenad-mlinarevic\/#primaryimage\"},\"image\":{\"@id\":\"https:\/\/mielemc.ch\/it\/nenad-mlinarevic\/#primaryimage\"},\"thumbnailUrl\":\"https:\/\/mielemc.ch\/wp-content\/uploads\/2024\/11\/7-nenad.jpg\",\"datePublished\":\"2024-10-21T05:42:12+00:00\",\"dateModified\":\"2024-11-15T10:49:25+00:00\",\"breadcrumb\":{\"@id\":\"https:\/\/mielemc.ch\/it\/nenad-mlinarevic\/#breadcrumb\"},\"inLanguage\":\"it-IT\",\"potentialAction\":[{\"@type\":\"ReadAction\",\"target\":[\"https:\/\/mielemc.ch\/it\/nenad-mlinarevic\/\"]}]},{\"@type\":\"ImageObject\",\"inLanguage\":\"it-IT\",\"@id\":\"https:\/\/mielemc.ch\/it\/nenad-mlinarevic\/#primaryimage\",\"url\":\"https:\/\/mielemc.ch\/wp-content\/uploads\/2024\/11\/7-nenad.jpg\",\"contentUrl\":\"https:\/\/mielemc.ch\/wp-content\/uploads\/2024\/11\/7-nenad.jpg\"},{\"@type\":\"BreadcrumbList\",\"@id\":\"https:\/\/mielemc.ch\/it\/nenad-mlinarevic\/#breadcrumb\",\"itemListElement\":[{\"@type\":\"ListItem\",\"position\":1,\"name\":\"Startseite\",\"item\":\"https:\/\/mielemc.ch\/it\/mielemc\/\"},{\"@type\":\"ListItem\",\"position\":2,\"name\":\"Nenad Mlinarevic\"}]},{\"@type\":\"WebSite\",\"@id\":\"https:\/\/mielemc.ch\/it\/#website\",\"url\":\"https:\/\/mielemc.ch\/it\/\",\"name\":\"Miele X MasterChef Schweiz\",\"description\":\"\",\"publisher\":{\"@id\":\"https:\/\/mielemc.ch\/it\/#organization\"},\"potentialAction\":[{\"@type\":\"SearchAction\",\"target\":{\"@type\":\"EntryPoint\",\"urlTemplate\":\"https:\/\/mielemc.ch\/it\/?s={search_term_string}\"},\"query-input\":{\"@type\":\"PropertyValueSpecification\",\"valueRequired\":true,\"valueName\":\"search_term_string\"}}],\"inLanguage\":\"it-IT\"},{\"@type\":\"Organization\",\"@id\":\"https:\/\/mielemc.ch\/it\/#organization\",\"name\":\"Miele X MasterChef Schweiz\",\"url\":\"https:\/\/mielemc.ch\/it\/\",\"logo\":{\"@type\":\"ImageObject\",\"inLanguage\":\"it-IT\",\"@id\":\"https:\/\/mielemc.ch\/it\/#\/schema\/logo\/image\/\",\"url\":\"https:\/\/mielemc.ch\/wp-content\/uploads\/2023\/10\/Miele_Logo_Red_sRGB.webp\",\"contentUrl\":\"https:\/\/mielemc.ch\/wp-content\/uploads\/2023\/10\/Miele_Logo_Red_sRGB.webp\",\"width\":1920,\"height\":735,\"caption\":\"Miele X MasterChef Schweiz\"},\"image\":{\"@id\":\"https:\/\/mielemc.ch\/it\/#\/schema\/logo\/image\/\"}}]}<\/script>\n<!-- \/ Yoast SEO plugin. -->","yoast_head_json":{"title":"Nenad Mlinarevic - Miele X MasterChef Schweiz","robots":{"index":"index","follow":"follow","max-snippet":"max-snippet:-1","max-image-preview":"max-image-preview:large","max-video-preview":"max-video-preview:-1"},"canonical":"https:\/\/mielemc.ch\/it\/nenad-mlinarevic\/","og_locale":"it_IT","og_type":"article","og_title":"Nenad Mlinarevic - Miele X MasterChef Schweiz","og_description":"Nenad Mlinarevic La versatilit\u00e0, la ricerca della perfezione e l\u2019enorme dedizione al mestiere sono caratteristiche intrinseche dello chef d\u2019\u00e9lite svizzero Nenad Mlinarevic. Lo zurighese \u00e8 stato \u201cChef dell\u2019anno\u201d, ha gestito pop-up che sono diventati eventi eccezionali e ora dirige alcuni dei ristoranti pi\u00f9 popolari della gastronomia moderna a Zurigo. Per molti anni, Miele \u00e8 stato [&hellip;]","og_url":"https:\/\/mielemc.ch\/it\/nenad-mlinarevic\/","og_site_name":"Miele X MasterChef Schweiz","article_modified_time":"2024-11-15T10:49:25+00:00","og_image":[{"width":1920,"height":1281,"url":"https:\/\/mielemc.ch\/wp-content\/uploads\/2024\/11\/7-nenad.jpg","type":"image\/jpeg"}],"twitter_card":"summary_large_image","twitter_misc":{"Tempo di lettura stimato":"1 minuto"},"schema":{"@context":"https:\/\/schema.org","@graph":[{"@type":"WebPage","@id":"https:\/\/mielemc.ch\/it\/nenad-mlinarevic\/","url":"https:\/\/mielemc.ch\/it\/nenad-mlinarevic\/","name":"Nenad Mlinarevic - Miele X MasterChef Schweiz","isPartOf":{"@id":"https:\/\/mielemc.ch\/it\/#website"},"primaryImageOfPage":{"@id":"https:\/\/mielemc.ch\/it\/nenad-mlinarevic\/#primaryimage"},"image":{"@id":"https:\/\/mielemc.ch\/it\/nenad-mlinarevic\/#primaryimage"},"thumbnailUrl":"https:\/\/mielemc.ch\/wp-content\/uploads\/2024\/11\/7-nenad.jpg","datePublished":"2024-10-21T05:42:12+00:00","dateModified":"2024-11-15T10:49:25+00:00","breadcrumb":{"@id":"https:\/\/mielemc.ch\/it\/nenad-mlinarevic\/#breadcrumb"},"inLanguage":"it-IT","potentialAction":[{"@type":"ReadAction","target":["https:\/\/mielemc.ch\/it\/nenad-mlinarevic\/"]}]},{"@type":"ImageObject","inLanguage":"it-IT","@id":"https:\/\/mielemc.ch\/it\/nenad-mlinarevic\/#primaryimage","url":"https:\/\/mielemc.ch\/wp-content\/uploads\/2024\/11\/7-nenad.jpg","contentUrl":"https:\/\/mielemc.ch\/wp-content\/uploads\/2024\/11\/7-nenad.jpg"},{"@type":"BreadcrumbList","@id":"https:\/\/mielemc.ch\/it\/nenad-mlinarevic\/#breadcrumb","itemListElement":[{"@type":"ListItem","position":1,"name":"Startseite","item":"https:\/\/mielemc.ch\/it\/mielemc\/"},{"@type":"ListItem","position":2,"name":"Nenad Mlinarevic"}]},{"@type":"WebSite","@id":"https:\/\/mielemc.ch\/it\/#website","url":"https:\/\/mielemc.ch\/it\/","name":"Miele X MasterChef Schweiz","description":"","publisher":{"@id":"https:\/\/mielemc.ch\/it\/#organization"},"potentialAction":[{"@type":"SearchAction","target":{"@type":"EntryPoint","urlTemplate":"https:\/\/mielemc.ch\/it\/?s={search_term_string}"},"query-input":{"@type":"PropertyValueSpecification","valueRequired":true,"valueName":"search_term_string"}}],"inLanguage":"it-IT"},{"@type":"Organization","@id":"https:\/\/mielemc.ch\/it\/#organization","name":"Miele X MasterChef Schweiz","url":"https:\/\/mielemc.ch\/it\/","logo":{"@type":"ImageObject","inLanguage":"it-IT","@id":"https:\/\/mielemc.ch\/it\/#\/schema\/logo\/image\/","url":"https:\/\/mielemc.ch\/wp-content\/uploads\/2023\/10\/Miele_Logo_Red_sRGB.webp","contentUrl":"https:\/\/mielemc.ch\/wp-content\/uploads\/2023\/10\/Miele_Logo_Red_sRGB.webp","width":1920,"height":735,"caption":"Miele X MasterChef Schweiz"},"image":{"@id":"https:\/\/mielemc.ch\/it\/#\/schema\/logo\/image\/"}}]}},"_links":{"self":[{"href":"https:\/\/mielemc.ch\/it\/wp-json\/wp\/v2\/pages\/2492"}],"collection":[{"href":"https:\/\/mielemc.ch\/it\/wp-json\/wp\/v2\/pages"}],"about":[{"href":"https:\/\/mielemc.ch\/it\/wp-json\/wp\/v2\/types\/page"}],"author":[{"embeddable":true,"href":"https:\/\/mielemc.ch\/it\/wp-json\/wp\/v2\/users\/1"}],"replies":[{"embeddable":true,"href":"https:\/\/mielemc.ch\/it\/wp-json\/wp\/v2\/comments?post=2492"}],"version-history":[{"count":6,"href":"https:\/\/mielemc.ch\/it\/wp-json\/wp\/v2\/pages\/2492\/revisions"}],"predecessor-version":[{"id":2640,"href":"https:\/\/mielemc.ch\/it\/wp-json\/wp\/v2\/pages\/2492\/revisions\/2640"}],"wp:attachment":[{"href":"https:\/\/mielemc.ch\/it\/wp-json\/wp\/v2\/media?parent=2492"}],"curies":[{"name":"wp","href":"https:\/\/api.w.org\/{rel}","templated":true}]}}